{"id":694,"date":"2025-05-19T14:48:14","date_gmt":"2025-05-19T14:48:14","guid":{"rendered":"https:\/\/assetworldservices.com\/?page_id=694"},"modified":"2025-06-16T20:53:24","modified_gmt":"2025-06-16T20:53:24","slug":"asset-managers","status":"publish","type":"page","link":"https:\/\/assetworldservices.com\/es\/asset-managers\/","title":{"rendered":"Gestores de Activos"},"content":{"rendered":"<div class=\"wp-block-eds-animate-it-block eds-animate-block-save\"><div class=\"eds-animate animated edsanimate-sis-hidden\" data-eds-entry-animation=\"bounceInDown\" data-eds-entry-delay=\"0\" data-eds-entry-duration=\"0.5\" data-eds-entry-timing=\"linear\" data-eds-exit-animation=\"\" data-eds-exit-delay=\"0\" data-eds-exit-duration=\"0.5\" data-eds-exit-timing=\"linear\" data-eds-repeat-count=\"1\" data-eds-keep=\"yes\" data-eds-animate-on=\"load\" data-eds-scroll-offset=\"\">\n<div class=\"wp-block-uagb-container uag-hide-tab uag-hide-mob uagb-block-saocycp3 alignfull uagb-is-root-container\"><div class=\"uagb-container-inner-blocks-wrap\">\n<div class=\"wp-block-uagb-info-box uagb-block-agxxohs0 uagb-infobox__content-wrap  uagb-infobox-icon-above-title uagb-infobox-image-valign-top\"><div class=\"uagb-ifb-content\"><div class=\"uagb-ifb-title-wrap\"><h1 class=\"uagb-ifb-title\">\u00danete a una firma que est\u00e9 a la altura de tus est\u00e1ndares<\/h1><\/div><\/div><\/div>\n<\/div><\/div>\n<\/div><\/div>\n\n\n\n<div class=\"wp-block-eds-animate-it-block eds-animate-block-save\"><div class=\"eds-animate animated edsanimate-sis-hidden\" data-eds-entry-animation=\"bounceInUp\" data-eds-entry-delay=\"0\" data-eds-entry-duration=\"0.5\" data-eds-entry-timing=\"linear\" data-eds-exit-animation=\"\" data-eds-exit-delay=\"0\" data-eds-exit-duration=\"0.5\" data-eds-exit-timing=\"linear\" data-eds-repeat-count=\"1\" data-eds-keep=\"yes\" data-eds-animate-on=\"load\" data-eds-scroll-offset=\"\">\n<div class=\"wp-block-eds-animate-it-block eds-animate-block-save\"><div class=\"eds-animate animated edsanimate-sis-hidden\" data-eds-entry-animation=\"fadeIn\" data-eds-entry-delay=\"0\" data-eds-entry-duration=\"0.5\" data-eds-entry-timing=\"linear\" data-eds-exit-animation=\"\" data-eds-exit-delay=\"0\" data-eds-exit-duration=\"0.5\" data-eds-exit-timing=\"linear\" data-eds-repeat-count=\"1\" data-eds-keep=\"yes\" data-eds-animate-on=\"load\" data-eds-scroll-offset=\"\">\n<div class=\"wp-block-uagb-container uagb-block-iocoxvoz alignfull uagb-is-root-container\"><div class=\"uagb-container-inner-blocks-wrap\">\n<div class=\"wp-block-uagb-container uagb-block-s6uef9m8\">\n<div class=\"wp-block-uagb-info-box uagb-block-wdngdgoc uagb-infobox__content-wrap  uagb-infobox-icon-above-title uagb-infobox-image-valign-top\"><div class=\"uagb-ifb-content\"><div class=\"uagb-ifb-title-wrap\"><h3 class=\"uagb-ifb-title\">Para profesionales de alto rendimiento listos para impulsar su carrera<\/h3><\/div><p class=\"uagb-ifb-desc\">En Asset Services Inc., no solo damos la bienvenida al mejor talento: estamos hechos para \u00e9l. Buscamos profesionales financieros de \u00e9lite que est\u00e9n listos para alinearse con una firma que refleje su ambici\u00f3n, integridad y est\u00e1ndares de excelencia. Si ya est\u00e1s operando a un nivel alto, mereces una infraestructura que potencie no limite tus capacidades.<\/p><\/div><\/div>\n\n\n\n<div class=\"wp-block-uagb-icon-list uagb-block-26wuapnv\"><div class=\"uagb-icon-list__wrap\">\n<div class=\"wp-block-uagb-icon-list-child uagb-block-mvhzx9wo\"><span class=\"uagb-icon-list__source-wrap\"><svg xmlns=\"https:\/\/www.w3.org\/2000\/svg\" viewbox=\"0 0 448 512\"><path d=\"M438.6 105.4C451.1 117.9 451.1 138.1 438.6 150.6L182.6 406.6C170.1 419.1 149.9 419.1 137.4 406.6L9.372 278.6C-3.124 266.1-3.124 245.9 9.372 233.4C21.87 220.9 42.13 220.9 54.63 233.4L159.1 338.7L393.4 105.4C405.9 92.88 426.1 92.88 438.6 105.4H438.6z\"><\/path><\/svg><\/span><span class=\"uagb-icon-list__label\">Soporte de \u00e9lite<\/span><\/div>\n\n\n\n<div class=\"wp-block-uagb-icon-list-child uagb-block-ks2mshmv\"><span class=\"uagb-icon-list__source-wrap\"><svg xmlns=\"https:\/\/www.w3.org\/2000\/svg\" viewbox=\"0 0 448 512\"><path d=\"M438.6 105.4C451.1 117.9 451.1 138.1 438.6 150.6L182.6 406.6C170.1 419.1 149.9 419.1 137.4 406.6L9.372 278.6C-3.124 266.1-3.124 245.9 9.372 233.4C21.87 220.9 42.13 220.9 54.63 233.4L159.1 338.7L393.4 105.4C405.9 92.88 426.1 92.88 438.6 105.4H438.6z\"><\/path><\/svg><\/span><span class=\"uagb-icon-list__label\">Herramientas avanzadas<\/span><\/div>\n\n\n\n<div class=\"wp-block-uagb-icon-list-child uagb-block-umer8ihb\"><span class=\"uagb-icon-list__source-wrap\"><svg xmlns=\"https:\/\/www.w3.org\/2000\/svg\" viewbox=\"0 0 448 512\"><path d=\"M438.6 105.4C451.1 117.9 451.1 138.1 438.6 150.6L182.6 406.6C170.1 419.1 149.9 419.1 137.4 406.6L9.372 278.6C-3.124 266.1-3.124 245.9 9.372 233.4C21.87 220.9 42.13 220.9 54.63 233.4L159.1 338.7L393.4 105.4C405.9 92.88 426.1 92.88 438.6 105.4H438.6z\"><\/path><\/svg><\/span><span class=\"uagb-icon-list__label\">Cumplimiento claro<\/span><\/div>\n\n\n\n<div class=\"wp-block-uagb-icon-list-child uagb-block-8976dwht\"><span class=\"uagb-icon-list__source-wrap\"><svg xmlns=\"https:\/\/www.w3.org\/2000\/svg\" viewbox=\"0 0 448 512\"><path d=\"M438.6 105.4C451.1 117.9 451.1 138.1 438.6 150.6L182.6 406.6C170.1 419.1 149.9 419.1 137.4 406.6L9.372 278.6C-3.124 266.1-3.124 245.9 9.372 233.4C21.87 220.9 42.13 220.9 54.63 233.4L159.1 338.7L393.4 105.4C405.9 92.88 426.1 92.88 438.6 105.4H438.6z\"><\/path><\/svg><\/span><span class=\"uagb-icon-list__label\">Infraestructura comprobada<\/span><\/div>\n<\/div><\/div>\n<\/div>\n\n\n\n<div class=\"wp-block-uagb-image uagb-block-xbazlfo9 wp-block-uagb-image--layout-default wp-block-uagb-image--effect-static wp-block-uagb-image--align-none\"><figure class=\"wp-block-uagb-image__figure\"><img decoding=\"async\" srcset=\"https:\/\/assetworldservices.com\/wp-content\/uploads\/2024\/01\/home-video-cover-1024x474.webp ,https:\/\/assetworldservices.com\/wp-content\/uploads\/2024\/01\/home-video-cover.webp 780w, https:\/\/assetworldservices.com\/wp-content\/uploads\/2024\/01\/home-video-cover.webp 360w\" sizes=\"auto, (max-width: 480px) 150px\" src=\"https:\/\/assetworldservices.com\/wp-content\/uploads\/2024\/01\/home-video-cover-1024x474.webp\" alt=\"\" class=\"uag-image-119\" width=\"564\" height=\"500\" title=\"home-video-cover\" loading=\"lazy\" role=\"img\"\/><\/figure><\/div>\n<\/div><\/div>\n<\/div><\/div>\n<\/div><\/div>\n\n\n\n<div class=\"wp-block-uagb-container uagb-block-bf04twle alignfull uagb-is-root-container\"><div class=\"uagb-container-inner-blocks-wrap\">\n<div class=\"wp-block-uagb-container uagb-block-x6km8g84\">\n<div class=\"wp-block-uagb-info-box uagb-block-50h7ciku uagb-infobox__content-wrap  uagb-infobox-icon-above-title uagb-infobox-image-valign-top\"><div class=\"uagb-ifb-content\"><div class=\"uagb-ifb-title-wrap\"><h3 class=\"uagb-ifb-title\">Independencia dise\u00f1ada para generar impacto<\/h3><\/div><p class=\"uagb-ifb-desc\">Ofrecemos m\u00e1s que independencia. Brindamos infraestructura, respaldo y alineaci\u00f3n estrat\u00e9gica, todo dentro de una cultura que valora las alianzas a largo plazo por encima de las transacciones. En Asset Services, la independencia significa estar equipado, no aislado. Nuestro modelo est\u00e1 dise\u00f1ado para profesionales que desean conservar una mayor parte de lo que generan, al mismo tiempo que acceden a los recursos necesarios para hacer crecer su negocio, aportar m\u00e1s valor a sus clientes y construir su legado.<br>Esto no se trata de ir solo; se trata de integrarte a una estructura dise\u00f1ada para el crecimiento, pensada para escalar y construida en torno a ti. <em>you<\/em>Te ofrecemos las herramientas, la tecnolog\u00eda y el equipo que te permiten operar al m\u00e1ximo de tu potencial, sin renunciar a la libertad emprendedora que tanto te ha costado construir. Con nosotros, accedes a una plataforma \u00e1gil, una red comprometida y una filosof\u00eda que siempre pone a las personas por encima de los procesos.<\/p><\/div><\/div>\n<\/div>\n\n\n\n<div class=\"wp-block-uagb-container uagb-layout-grid uagb-block-tsoaslkt\">\n<div class=\"wp-block-uagb-info-box uagb-block-gstv6qck uagb-infobox__content-wrap  uagb-infobox-icon-above-title uagb-infobox-image-valign-top\"><div class=\"uagb-ifb-content\"><div class=\"uagb-ifb-icon-wrap\"><div class=\"uagb-iconbox-icon-wrap uagb-infobox-shape-circle\"><svg xmlns=\"https:\/\/www.w3.org\/2000\/svg\" viewbox=\"0 0 448 512\"><path d=\"M438.6 105.4C451.1 117.9 451.1 138.1 438.6 150.6L182.6 406.6C170.1 419.1 149.9 419.1 137.4 406.6L9.372 278.6C-3.124 266.1-3.124 245.9 9.372 233.4C21.87 220.9 42.13 220.9 54.63 233.4L159.1 338.7L393.4 105.4C405.9 92.88 426.1 92.88 438.6 105.4H438.6z\"><\/path><\/svg><\/div><\/div><div class=\"uagb-ifb-title-wrap\"><h4 class=\"uagb-ifb-title\">Soporte de \u00e9lite<\/h4><\/div><p class=\"uagb-ifb-desc\">Nuestro personal operativo, los profesionales de cumplimiento y los equipos de atenci\u00f3n est\u00e1n capacitados para operar al mismo nivel que t\u00fa: con rapidez, estrategia y responsabilidad. No estamos aqu\u00ed para frenarte, sino para impulsarte a escalar.<\/p><\/div><\/div>\n\n\n\n<div class=\"wp-block-uagb-info-box uagb-block-kfcg971b uagb-infobox__content-wrap  uagb-infobox-icon-above-title uagb-infobox-image-valign-top\"><div class=\"uagb-ifb-content\"><div class=\"uagb-ifb-icon-wrap\"><div class=\"uagb-iconbox-icon-wrap uagb-infobox-shape-circle\"><svg xmlns=\"https:\/\/www.w3.org\/2000\/svg\" viewbox=\"0 0 448 512\"><path d=\"M438.6 105.4C451.1 117.9 451.1 138.1 438.6 150.6L182.6 406.6C170.1 419.1 149.9 419.1 137.4 406.6L9.372 278.6C-3.124 266.1-3.124 245.9 9.372 233.4C21.87 220.9 42.13 220.9 54.63 233.4L159.1 338.7L393.4 105.4C405.9 92.88 426.1 92.88 438.6 105.4H438.6z\"><\/path><\/svg><\/div><\/div><div class=\"uagb-ifb-title-wrap\"><h4 class=\"uagb-ifb-title\">Infraestructura inteligente<\/h4><\/div><p class=\"uagb-ifb-desc\">A trav\u00e9s de nuestra afiliaci\u00f3n con NFS, una de las firmas de compensaci\u00f3n m\u00e1s grandes de Estados Unidos, tendr\u00e1s acceso a las herramientas, investigaciones y plataformas necesarias para mantenerte a la vanguardia en un entorno financiero en constante evoluci\u00f3n.<\/p><\/div><\/div>\n\n\n\n<div class=\"wp-block-uagb-info-box uagb-block-wo4m8agg uagb-infobox__content-wrap  uagb-infobox-icon-above-title uagb-infobox-image-valign-top\"><div class=\"uagb-ifb-content\"><div class=\"uagb-ifb-icon-wrap\"><div class=\"uagb-iconbox-icon-wrap uagb-infobox-shape-circle\"><svg xmlns=\"https:\/\/www.w3.org\/2000\/svg\" viewbox=\"0 0 448 512\"><path d=\"M438.6 105.4C451.1 117.9 451.1 138.1 438.6 150.6L182.6 406.6C170.1 419.1 149.9 419.1 137.4 406.6L9.372 278.6C-3.124 266.1-3.124 245.9 9.372 233.4C21.87 220.9 42.13 220.9 54.63 233.4L159.1 338.7L393.4 105.4C405.9 92.88 426.1 92.88 438.6 105.4H438.6z\"><\/path><\/svg><\/div><\/div><div class=\"uagb-ifb-title-wrap\"><h4 class=\"uagb-ifb-title\">Transici\u00f3n bien hecha<\/h4><\/div><p class=\"uagb-ifb-desc\">Nos especializamos en transiciones sin contratiempos. Contar\u00e1s con un equipo dedicado que te acompa\u00f1ar\u00e1 en cada paso del proceso: licencias, documentaci\u00f3n, cumplimiento y comunicaci\u00f3n, todo dise\u00f1ado para minimizar la fricci\u00f3n y mantener el impulso.<\/p><\/div><\/div>\n\n\n\n<div class=\"wp-block-uagb-info-box uagb-block-qr6aqk93 uagb-infobox__content-wrap  uagb-infobox-icon-above-title uagb-infobox-image-valign-top\"><div class=\"uagb-ifb-content\"><div class=\"uagb-ifb-icon-wrap\"><div class=\"uagb-iconbox-icon-wrap uagb-infobox-shape-circle\"><svg xmlns=\"https:\/\/www.w3.org\/2000\/svg\" viewbox=\"0 0 448 512\"><path d=\"M438.6 105.4C451.1 117.9 451.1 138.1 438.6 150.6L182.6 406.6C170.1 419.1 149.9 419.1 137.4 406.6L9.372 278.6C-3.124 266.1-3.124 245.9 9.372 233.4C21.87 220.9 42.13 220.9 54.63 233.4L159.1 338.7L393.4 105.4C405.9 92.88 426.1 92.88 438.6 105.4H438.6z\"><\/path><\/svg><\/div><\/div><div class=\"uagb-ifb-title-wrap\"><h4 class=\"uagb-ifb-title\">Recursos para marketing y crecimiento<\/h4><\/div><p class=\"uagb-ifb-desc\">Desde plantillas de marketing cumplidoras hasta estrategias de reclutamiento y contrataci\u00f3n, ofrecemos a los asesores visionarios las herramientas para construir y posicionar su pr\u00e1ctica con precisi\u00f3n.<\/p><\/div><\/div>\n<\/div>\n<\/div><\/div>\n\n\n\n<div class=\"wp-block-uagb-container uagb-block-mcb28ysa alignfull uagb-is-root-container\"><div class=\"uagb-container-inner-blocks-wrap\">\n<div class=\"wp-block-uagb-image alignleft uagb-block-of4w5mvy wp-block-uagb-image--layout-default wp-block-uagb-image--effect-static wp-block-uagb-image--align-left\"><figure class=\"wp-block-uagb-image__figure\"><img decoding=\"async\" srcset=\"https:\/\/assetworldservices.com\/wp-content\/uploads\/2025\/05\/pexels-rdne-8293750-1024x683.jpg ,https:\/\/assetworldservices.com\/wp-content\/uploads\/2025\/05\/pexels-rdne-8293750-scaled.jpg 780w, https:\/\/assetworldservices.com\/wp-content\/uploads\/2025\/05\/pexels-rdne-8293750-scaled.jpg 360w\" sizes=\"auto, (max-width: 480px) 150px\" src=\"https:\/\/assetworldservices.com\/wp-content\/uploads\/2025\/05\/pexels-rdne-8293750-1024x683.jpg\" alt=\"\" class=\"uag-image-761\" width=\"564\" height=\"450\" title=\"pexels-rdne-8293750\" loading=\"lazy\" role=\"img\"\/><\/figure><\/div>\n\n\n\n<div class=\"wp-block-uagb-info-box uagb-block-peg9h0r4 uagb-infobox__content-wrap  uagb-infobox-icon-above-title uagb-infobox-image-valign-top\"><div class=\"uagb-ifb-content\"><div class=\"uagb-ifb-title-wrap\"><h2 class=\"uagb-ifb-title\">Dise\u00f1ado para quienes se niegan a conformarse<\/h2><\/div><p class=\"uagb-ifb-desc\">Si has superado a tu broker-dealer actual, si ya no potencia tu mejor trabajo ni est\u00e1 a la altura de tu energ\u00eda, quiz\u00e1s es momento de una nueva alianza. Solo nos asociamos con profesionales que operan en la cima de su campo y, a cambio, ofrecemos una relaci\u00f3n basada en el respeto, la respuesta oportuna y los resultados.<br>No hacemos micromanagement. No prometemos de m\u00e1s. Te empoderamos para que lideres.<\/p><\/div><\/div>\n<\/div><\/div>\n\n\n\n<div class=\"wp-block-uagb-container uagb-block-uw3anqio alignwide uagb-is-root-container\">\n<div class=\"wp-block-uagb-container uagb-block-nynteahw alignfull uagb-is-root-container\"><div class=\"uagb-container-inner-blocks-wrap\">\n<div class=\"wp-block-uagb-image alignleft uagb-block-nroyqhqg wp-block-uagb-image--layout-default wp-block-uagb-image--effect-static wp-block-uagb-image--align-left\"><figure class=\"wp-block-uagb-image__figure\"><img decoding=\"async\" srcset=\"https:\/\/assetworldservices.com\/wp-content\/uploads\/2025\/05\/pexels-photo-2014773-2014773-1024x683.jpg ,https:\/\/assetworldservices.com\/wp-content\/uploads\/2025\/05\/pexels-photo-2014773-2014773-scaled.jpg 780w, https:\/\/assetworldservices.com\/wp-content\/uploads\/2025\/05\/pexels-photo-2014773-2014773-scaled.jpg 360w\" sizes=\"auto, (max-width: 480px) 150px\" src=\"https:\/\/assetworldservices.com\/wp-content\/uploads\/2025\/05\/pexels-photo-2014773-2014773-1024x683.jpg\" alt=\"Black and white image of audience with hands raised, capturing concert energy.\" class=\"uag-image-1050\" width=\"537\" height=\"400\" title=\"pexels-photo-2014773-2014773\" loading=\"lazy\" role=\"img\"\/><\/figure><\/div>\n\n\n\n<div class=\"wp-block-uagb-container uagb-block-zskxpnd9\">\n<div class=\"wp-block-uagb-info-box uagb-block-iduija36 uagb-infobox__content-wrap  uagb-infobox-icon-above-title uagb-infobox-image-valign-top\"><div class=\"uagb-ifb-content\"><div class=\"uagb-ifb-title-wrap\"><h3 class=\"uagb-ifb-title\">\u00bfEres el tipo de asesor que estamos buscando?<\/h3><\/div><p class=\"uagb-ifb-desc\">Actualmente estamos ampliando nuestra red con profesionales financieros que:<br>Operan con integridad, disciplina y una mentalidad enfocada en el cliente.<br>Cuentan con un s\u00f3lido historial de desempe\u00f1o empresarial y cumplimiento normativo.<br>Buscan una mayor autonom\u00eda estrat\u00e9gica con respaldo real.<br>Valoran un entorno colaborativo y de alto rendimiento.<\/p><\/div><\/div>\n<\/div>\n<\/div><\/div>\n<\/div>\n\n\n\n<div class=\"wp-block-uagb-advanced-heading uagb-block-25b7cd26\"><div class=\"uagb-heading-text\">Si eres un profesional financiero de alto rendimiento listo para alinearte con una firma que refleje tu ambici\u00f3n y valores, queremos saber de ti. Completa el formulario a continuaci\u00f3n para iniciar una conversaci\u00f3n confidencial con nuestro equipo. Ya sea que est\u00e9s explorando opciones o listo para dar un paso estrat\u00e9gico, estamos aqu\u00ed para brindarte la claridad, recursos y apoyo que mereces.<br>\u2714 Sin presiones.<br>\u2714 Sin compromiso.<br>\u2714 Solo una conversaci\u00f3n honesta sobre tus objetivos<br><strong>Construyamos algo mejor, juntos.<\/strong><\/div><\/div>\n\n\n\n<div class=\"wp-block-uagb-container uagb-block-zzyqrnqc alignfull uagb-is-root-container\"><div class=\"uagb-container-inner-blocks-wrap\">\n<div class=\"wp-block-uagb-info-box uagb-block-o10lrazq uagb-infobox__content-wrap  uagb-infobox-icon-above-title uagb-infobox-image-valign-top\"><div class=\"uagb-ifb-content\"><div class=\"uagb-ifb-title-wrap\"><h2 class=\"uagb-ifb-title\">\u00bfListo para dar el siguiente paso?<\/h2><\/div><p class=\"uagb-ifb-desc\"><strong>Completa el formulario a continuaci\u00f3n con tus datos profesionales.<\/strong><br>Our team will review your submission and reach out shortly to begin a confidential conversation. We appreciate your interest in joining Asset Services Where your next move is backed by real opportunity.<\/p><\/div><\/div>\n\n\n\n<div class=\"wp-block-uagb-container uagb-block-4irdylho\">\n<div class=\"wp-block-uagb-forms uagb-forms__outer-wrap uagb-block-ilpfbbjc uagb-forms__default-btn\"><form class=\"uagb-forms-main-form\" method=\"post\" autocomplete=\"on\" name=\"uagb-form-ilpfbbjc\" action=\"\">\n<div class=\"wp-block-uagb-forms-name uagb-forms-name-wrap uagb-forms-field-set uagb-block-cezixn7t uag-col-2\"><div class=\"uagb-forms-name-label required uagb-forms-input-label\" id=\"cezixn7t\">First Name<\/div><input type=\"text\" placeholder=\"\" required class=\"uagb-forms-name-input uagb-forms-input\" name=\"cezixn7t\" autocomplete=\"given-name\"\/><\/div>\n\n\n\n<div class=\"wp-block-uagb-forms-name uagb-forms-name-wrap uagb-forms-field-set uagb-block-f6rjcl18 uag-col-2\"><div class=\"uagb-forms-name-label required uagb-forms-input-label\" id=\"f6rjcl18\">Last Name<\/div><input type=\"text\" placeholder=\"\" required class=\"uagb-forms-name-input uagb-forms-input\" name=\"f6rjcl18\" autocomplete=\"family-name\"\/><\/div>\n\n\n\n<div class=\"wp-block-uagb-forms-email uagb-forms-email-wrap uagb-forms-field-set uagb-block-jospvuht\"><div class=\"uagb-forms-email-label required uagb-forms-input-label\" id=\"jospvuht\">Email<\/div><input type=\"email\" class=\"uagb-forms-email-input uagb-forms-input\" placeholder=\"\" required name=\"jospvuht\" autocomplete=\"email\"\/><\/div>\n\n\n\n<div class=\"wp-block-uagb-forms-textarea uagb-forms-textarea-wrap uagb-forms-field-set uagb-block-ouayru7o\"><div class=\"uagb-forms-textarea-label required uagb-forms-input-label\" id=\"ouayru7o\">Message<\/div><textarea required class=\"uagb-forms-textarea-input uagb-forms-input\" rows=\"6\" placeholder=\"\" name=\"ouayru7o\" autocomplete=\"off\"><\/textarea><\/div>\n<div class=\"uagb-forms-form-hidden-data\"><input type=\"hidden\" class=\"uagb_forms_form_label\" value=\"Spectra Form\"\/><input type=\"hidden\" class=\"uagb_forms_form_id\" value=\"uagb-form-ilpfbbjc\"\/><\/div><div class=\"uagb-form-reacaptcha-error-ilpfbbjc\"><\/div><div class=\"uagb-forms-main-submit-button-wrap wp-block-button\"><button class=\"uagb-forms-main-submit-button wp-block-button__link\"><div class=\"uagb-forms-main-submit-button-text\">Enviar formulario<\/div><\/button><\/div><input type=\"hidden\" name=\"trp-form-language\" value=\"es\"\/><\/form><div class=\"uagb-forms-success-message-ilpfbbjc uagb-forms-submit-message-hide\"><span>\u00a1El formulario se ha enviado con \u00e9xito!<\/span><\/div><div class=\"uagb-forms-failed-message-ilpfbbjc uagb-forms-submit-message-hide\"><span>Hubo un error al enviar el formulario. Por favor, verifica nuevamente todos los campos.<\/span><\/div><\/div>\n<\/div>\n<\/div><\/div>","protected":false},"excerpt":{"rendered":"<p>If you&#8217;re a high-performing financial professional ready to align with a firm that matches your ambition and values, we want to hear from you.Fill out the form below to start a confidential conversation with our team. Whether you&#8217;re exploring your options or ready to make a strategic move, we&#8217;re here to provide the clarity, resources, [&hellip;]<\/p>","protected":false},"author":1,"featured_media":0,"parent":0,"menu_order":0,"comment_status":"closed","ping_status":"closed","template":"","meta":{"_uag_custom_page_level_css":"","footnotes":""},"class_list":["post-694","page","type-page","status-publish","hentry"],"blocksy_meta":[],"uagb_featured_image_src":{"full":false,"thumbnail":false,"medium":false,"medium_large":false,"large":false,"1536x1536":false,"2048x2048":false,"trp-custom-language-flag":false},"uagb_author_info":{"display_name":"assetservicesinc2090","author_link":"https:\/\/assetworldservices.com\/es\/author\/assetservicesinc2090\/"},"uagb_comment_info":0,"uagb_excerpt":"If you&#8217;re a high-performing financial professional ready to align with a firm that matches your ambition and values, we want to hear from you.Fill out the form below to start a confidential conversation with our team. Whether you&#8217;re exploring your options or ready to make a strategic move, we&#8217;re here to provide the clarity, resources,&hellip;","_links":{"self":[{"href":"https:\/\/assetworldservices.com\/es\/wp-json\/wp\/v2\/pages\/694","targetHints":{"allow":["GET"]}}],"collection":[{"href":"https:\/\/assetworldservices.com\/es\/wp-json\/wp\/v2\/pages"}],"about":[{"href":"https:\/\/assetworldservices.com\/es\/wp-json\/wp\/v2\/types\/page"}],"author":[{"embeddable":true,"href":"https:\/\/assetworldservices.com\/es\/wp-json\/wp\/v2\/users\/1"}],"replies":[{"embeddable":true,"href":"https:\/\/assetworldservices.com\/es\/wp-json\/wp\/v2\/comments?post=694"}],"version-history":[{"count":15,"href":"https:\/\/assetworldservices.com\/es\/wp-json\/wp\/v2\/pages\/694\/revisions"}],"predecessor-version":[{"id":1507,"href":"https:\/\/assetworldservices.com\/es\/wp-json\/wp\/v2\/pages\/694\/revisions\/1507"}],"wp:attachment":[{"href":"https:\/\/assetworldservices.com\/es\/wp-json\/wp\/v2\/media?parent=694"}],"curies":[{"name":"wp","href":"https:\/\/api.w.org\/{rel}","templated":true}]}}