{"id":670,"date":"2025-05-19T13:28:55","date_gmt":"2025-05-19T13:28:55","guid":{"rendered":"https:\/\/assetworldservices.com\/?page_id=670"},"modified":"2025-06-16T20:48:35","modified_gmt":"2025-06-16T20:48:35","slug":"faqs","status":"publish","type":"page","link":"https:\/\/assetworldservices.com\/es\/faqs\/","title":{"rendered":"Preguntas frecuentes"},"content":{"rendered":"<div class=\"wp-block-eds-animate-it-block eds-animate-block-save\"><div class=\"eds-animate animated edsanimate-sis-hidden\" data-eds-entry-animation=\"bounceInDown\" data-eds-entry-delay=\"0\" data-eds-entry-duration=\"0.5\" data-eds-entry-timing=\"linear\" data-eds-exit-animation=\"\" data-eds-exit-delay=\"0\" data-eds-exit-duration=\"0.5\" data-eds-exit-timing=\"linear\" data-eds-repeat-count=\"1\" data-eds-keep=\"yes\" data-eds-animate-on=\"load\" data-eds-scroll-offset=\"\">\n<div class=\"wp-block-uagb-container uag-hide-tab uag-hide-mob uagb-block-jtryqnjw alignfull uagb-is-root-container\"><div class=\"uagb-container-inner-blocks-wrap\">\n<div class=\"wp-block-uagb-container uagb-block-1r0qen57\">\n<div class=\"wp-block-uagb-info-box uagb-block-kbd7jutb uagb-infobox__content-wrap  uagb-infobox-icon-above-title uagb-infobox-image-valign-top\"><div class=\"uagb-ifb-content\"><div class=\"uagb-ifb-title-wrap\"><h1 class=\"uagb-ifb-title\">Todo lo que necesitas saber antes de asociarte con Asset Services Inc.<\/h1><\/div><\/div><\/div>\n\n\n\n<div class=\"wp-block-uagb-container uagb-block-h9yexnlg\">\n<div class=\"wp-block-uagb-info-box uagb-block-um2ryu3v uagb-infobox__content-wrap  uagb-infobox-icon-above-title uagb-infobox-image-valign-top\"><div class=\"uagb-ifb-content\"><div class=\"uagb-ifb-title-wrap\"><\/div><p class=\"uagb-ifb-desc\">Sabemos que tomar la decisi\u00f3n correcta \u2014ya sea como inversionista, asesor o profesional del sector\u2014 viene acompa\u00f1ado de preguntas importantes. Esta secci\u00f3n de preguntas frecuentes est\u00e1 dise\u00f1ada para ofrecerte respuestas claras y directas sobre qui\u00e9nes somos, qu\u00e9 ofrecemos y c\u00f3mo respaldamos tu \u00e9xito a largo plazo.<\/p><\/div><\/div>\n<\/div>\n<\/div>\n\n\n\n<div class=\"wp-block-uagb-image alignleft uagb-block-l3vmu9cf wp-block-uagb-image--layout-default wp-block-uagb-image--effect-static wp-block-uagb-image--align-left\"><figure class=\"wp-block-uagb-image__figure\"><img decoding=\"async\" srcset=\"https:\/\/assetworldservices.com\/wp-content\/uploads\/2025\/05\/pexels-photo-7433925-7433925-1024x683.jpg ,https:\/\/assetworldservices.com\/wp-content\/uploads\/2025\/05\/pexels-photo-7433925-7433925-scaled.jpg 780w, https:\/\/assetworldservices.com\/wp-content\/uploads\/2025\/05\/pexels-photo-7433925-7433925-scaled.jpg 360w\" sizes=\"auto, (max-width: 480px) 150px\" src=\"https:\/\/assetworldservices.com\/wp-content\/uploads\/2025\/05\/pexels-photo-7433925-7433925-1024x683.jpg\" alt=\"Three businesswomen in attire holding documents and clipboards, conveying professionalism.\" class=\"uag-image-1056\" width=\"1200\" height=\"350\" title=\"pexels-photo-7433925-7433925\" loading=\"lazy\" role=\"img\"\/><\/figure><\/div>\n<\/div><\/div>\n<\/div><\/div>\n\n\n\n<div class=\"wp-block-uagb-container uagb-block-aks9bfxo alignfull uagb-is-root-container\"><div class=\"uagb-container-inner-blocks-wrap\">\n<div class=\"wp-block-uagb-advanced-heading uagb-block-dbucjsmr\"><h2 class=\"uagb-heading-text\">Preguntas Frecuentes<\/h2><p class=\"uagb-desc-text\">Encuentra respuestas a las preguntas m\u00e1s comunes sobre nuestros productos y servicios.<\/p><\/div>\n\n\n<div class=\"wp-block-uagb-faq uagb-faq__outer-wrap uagb-block-dv9cgzfq uagb-faq-icon-row-reverse uagb-faq-layout-accordion uagb-faq-expand-first-true uagb-faq-inactive-other-false uagb-faq__wrap uagb-buttons-layout-wrap uagb-faq-equal-height\" data-faqtoggle=\"true\" role=\"tablist\"><div class=\"wp-block-uagb-faq-child uagb-faq-child__outer-wrap uagb-faq-item uagb-block-xkk4cbn9\" role=\"tab\" tabindex=\"0\"><div class=\"uagb-faq-questions-button uagb-faq-questions\">\t\t\t<span class=\"uagb-icon uagb-faq-icon-wrap\">\n\t\t\t\t\t\t\t<\/span>\n\t\t\t\t\t\t<span class=\"uagb-icon-active uagb-faq-icon-wrap\">\n\t\t\t\t\t\t\t<\/span>\n\t\t\t<p class=\"uagb-question\">\u00bfQu\u00e9 hace que Asset Services sea diferente de otros broker-dealers?<\/p><\/div><div class=\"uagb-faq-content\"><p>Priorizamos las relaciones por encima de las transacciones. En Asset Services, no solo te unes a una plataforma \u2014 te asocias con un equipo que ofrece soporte de primer nivel, tecnolog\u00eda avanzada y una cultura basada en la integridad, la visi\u00f3n estrat\u00e9gica y la creaci\u00f3n de valor a largo plazo.<\/p><\/div><\/div><div class=\"wp-block-uagb-faq-child uagb-faq-child__outer-wrap uagb-faq-item uagb-block-kq04qshp\" role=\"tab\" tabindex=\"0\"><div class=\"uagb-faq-questions-button uagb-faq-questions\">\t\t\t<span class=\"uagb-icon uagb-faq-icon-wrap\">\n\t\t\t\t\t\t\t<\/span>\n\t\t\t\t\t\t<span class=\"uagb-icon-active uagb-faq-icon-wrap\">\n\t\t\t\t\t\t\t<\/span>\n\t\t\t<p class=\"uagb-question\">\u00bfQui\u00e9n es un buen candidato para Asset Services?<\/p><\/div><div class=\"uagb-faq-content\"><p>Trabajamos con profesionales de alto desempe\u00f1o y gran disciplina, enfocados en el crecimiento, centrados en el cliente y listos para operar con verdadera independencia. Ya seas un asesor experimentado o un inversionista veterano, si valoras la excelencia, la colaboraci\u00f3n estrat\u00e9gica y el \u00e9xito a largo plazo \u2014 est\u00e1s en el lugar correcto.<\/p><\/div><\/div><div class=\"wp-block-uagb-faq-child uagb-faq-child__outer-wrap uagb-faq-item uagb-block-fkq6bfuw\" role=\"tab\" tabindex=\"0\"><div class=\"uagb-faq-questions-button uagb-faq-questions\">\t\t\t<span class=\"uagb-icon uagb-faq-icon-wrap\">\n\t\t\t\t\t\t\t<\/span>\n\t\t\t\t\t\t<span class=\"uagb-icon-active uagb-faq-icon-wrap\">\n\t\t\t\t\t\t\t<\/span>\n\t\t\t<p class=\"uagb-question\">\u00bfQu\u00e9 tipo de apoyo recibir\u00e9?<\/p><\/div><div class=\"uagb-faq-content\"><p>Para nada. Trabajamos con profesionales en distintas etapas de su carrera. Ya sea que est\u00e9s dando el primer paso hacia la independencia o buscando fortalecer tu pr\u00e1ctica establecida, te ofrecemos la hoja de ruta, los recursos y el apoyo necesarios para que llegues con confianza.<\/p><\/div><\/div><div class=\"wp-block-uagb-faq-child uagb-faq-child__outer-wrap uagb-faq-item uagb-block-0oqsvhb8\" role=\"tab\" tabindex=\"0\"><div class=\"uagb-faq-questions-button uagb-faq-questions\">\t\t\t<span class=\"uagb-icon uagb-faq-icon-wrap\">\n\t\t\t\t\t\t\t<\/span>\n\t\t\t\t\t\t<span class=\"uagb-icon-active uagb-faq-icon-wrap\">\n\t\t\t\t\t\t\t<\/span>\n\t\t\t<p class=\"uagb-question\">\u00bfQu\u00e9 servicios ofrece Asset Services?<\/p><\/div><div class=\"uagb-faq-content\"><p>Ofrecemos una suite integral de soluciones que incluye acceso Pre-IPO, asesor\u00eda en fusiones y adquisiciones (M&amp;A), distribuci\u00f3n de fondos, servicios de acompa\u00f1amiento regulatorio, asesor\u00eda en inversiones inmobiliarias, asesor\u00eda en capital accionario y de deuda, servicios de capital privado y transacciones secundarias de LP \u2014 todo brindado con soporte personalizado y ejecuci\u00f3n estrat\u00e9gica.<\/p><\/div><\/div><div class=\"wp-block-uagb-faq-child uagb-faq-child__outer-wrap uagb-faq-item uagb-block-fc367d01\" role=\"tab\" tabindex=\"0\"><div class=\"uagb-faq-questions-button uagb-faq-questions\">\t\t\t<span class=\"uagb-icon uagb-faq-icon-wrap\">\n\t\t\t\t\t\t\t<\/span>\n\t\t\t\t\t\t<span class=\"uagb-icon-active uagb-faq-icon-wrap\">\n\t\t\t\t\t\t\t<\/span>\n\t\t\t<p class=\"uagb-question\">\u00bfC\u00f3mo ayuda Asset Services con la fijaci\u00f3n de precios y la venta de bienes ra\u00edces?<\/p><\/div><div class=\"uagb-faq-content\"><p>Nuestros corredores ofrecen An\u00e1lisis Comparativo de Mercado (CMA), fijaci\u00f3n de precios estrat\u00e9gica basada en datos de mercado en tiempo real y asesor\u00eda pr\u00e1ctica durante inspecciones, negociaciones y cierre. Te ayudamos a agregar valor y maximizar el potencial de cada propiedad \u2014 ya sea que compres o vendas.<\/p><\/div><\/div><div class=\"wp-block-uagb-faq-child uagb-faq-child__outer-wrap uagb-faq-item uagb-block-2f8a7a65\" role=\"tab\" tabindex=\"0\"><div class=\"uagb-faq-questions-button uagb-faq-questions\">\t\t\t<span class=\"uagb-icon uagb-faq-icon-wrap\">\n\t\t\t\t\t\t\t<\/span>\n\t\t\t\t\t\t<span class=\"uagb-icon-active uagb-faq-icon-wrap\">\n\t\t\t\t\t\t\t<\/span>\n\t\t\t<p class=\"uagb-question\">\u00bfCu\u00e1l es el beneficio de su afiliaci\u00f3n con NFS?<\/p><\/div><div class=\"uagb-faq-content\"><p>A trav\u00e9s de nuestra alianza con NFS (National Financial Services), una de las firmas de compensaci\u00f3n m\u00e1s grandes de EE. UU., tienes acceso a una infraestructura segura y escalable con herramientas de nivel institucional, capacidades din\u00e1micas de investigaci\u00f3n y plataformas de inversi\u00f3n integradas.<\/p><\/div><\/div><div class=\"wp-block-uagb-faq-child uagb-faq-child__outer-wrap uagb-faq-item uagb-block-3d83a48b\" role=\"tab\" tabindex=\"0\"><div class=\"uagb-faq-questions-button uagb-faq-questions\">\t\t\t<span class=\"uagb-icon uagb-faq-icon-wrap\">\n\t\t\t\t\t\t\t<\/span>\n\t\t\t\t\t\t<span class=\"uagb-icon-active uagb-faq-icon-wrap\">\n\t\t\t\t\t\t\t<\/span>\n\t\t\t<p class=\"uagb-question\">\u00bfC\u00f3mo puedo comenzar?<\/p><\/div><div class=\"uagb-faq-content\"><p>Todo comienza con una conversaci\u00f3n confidencial y sin compromiso. Completa nuestro formulario de contacto y un miembro de nuestro equipo se pondr\u00e1 en contacto para conocer tus objetivos, responder tus preguntas y ayudarte a determinar si Asset Services es la opci\u00f3n estrat\u00e9gica adecuada para ti.<\/p><\/div><\/div><div class=\"wp-block-uagb-faq-child uagb-faq-child__outer-wrap uagb-faq-item uagb-block-b8c72511\" role=\"tab\" tabindex=\"0\"><div class=\"uagb-faq-questions-button uagb-faq-questions\">\t\t\t<span class=\"uagb-icon uagb-faq-icon-wrap\">\n\t\t\t\t\t\t\t<\/span>\n\t\t\t\t\t\t<span class=\"uagb-icon-active uagb-faq-icon-wrap\">\n\t\t\t\t\t\t\t<\/span>\n\t\t\t<p class=\"uagb-question\">\u00bfExiste un m\u00ednimo requerido de activos bajo administraci\u00f3n (AUM) o de producci\u00f3n?<\/p><\/div><div class=\"uagb-faq-content\"><p>Evaluamos individualmente a cada asesor y profesional. Aunque valoramos la experiencia comprobada y un compromiso con la excelencia, tambi\u00e9n entendemos que el potencial y el prop\u00f3sito son importantes. Ponte en contacto con nosotros para explorar si encajas con nuestro equipo: estamos abiertos a mentes audaces y capaces en cualquier etapa.<\/p><\/div><\/div><div class=\"wp-block-uagb-faq-child uagb-faq-child__outer-wrap uagb-faq-item uagb-block-45a0e1da\" role=\"tab\" tabindex=\"0\"><div class=\"uagb-faq-questions-button uagb-faq-questions\">\t\t\t<span class=\"uagb-icon uagb-faq-icon-wrap\">\n\t\t\t\t\t\t\t<\/span>\n\t\t\t\t\t\t<span class=\"uagb-icon-active uagb-faq-icon-wrap\">\n\t\t\t\t\t\t\t<\/span>\n\t\t\t<p class=\"uagb-question\">\u00bfQu\u00e9 sucede si mi broker-dealer actual no est\u00e1 apoyando mi crecimiento?<\/p><\/div><div class=\"uagb-faq-content\"><p>Precisamente por eso existimos. Si te sientes limitado, desatendido o infravalorado, quiz\u00e1s sea el momento de hacer un cambio. Nos especializamos en ayudar a los profesionales a avanzar con claridad, respaldo e independencia estrat\u00e9gica.<\/p><\/div><\/div><\/div>\n\n\n<div class=\"wp-block-uagb-advanced-heading uagb-block-xvlbcxlv\"><p class=\"uagb-heading-text\">\u00bfA\u00fan tienes alguna pregunta?<\/p><p class=\"uagb-desc-text\">Si tienes alguna otra consulta, no dudes en contactarnos. \u00a1Nuestro equipo experto est\u00e1 aqu\u00ed para ayudarte!<\/p><\/div>\n\n\n\n<div class=\"wp-block-uagb-buttons uagb-buttons__outer-wrap uagb-btn__default-btn uagb-btn-tablet__default-btn uagb-btn-mobile__default-btn uagb-block-896627ba\"><div class=\"uagb-buttons__wrap uagb-buttons-layout-wrap\">\n<div class=\"wp-block-uagb-buttons-child uagb-buttons__outer-wrap uagb-block-b04c216c wp-block-button\"><div class=\"uagb-button__wrapper\"><a class=\"uagb-buttons-repeater wp-block-button__link\" aria-label=\"\" href=\"https:\/\/assetworldservices.com\/es\/contact\/\" rel=\"follow noopener\" target=\"_self\" role=\"button\"><div class=\"uagb-button__link\">CONTACTO<\/div><\/a><\/div><\/div>\n<\/div><\/div>\n<\/div><\/div>\n\n\n\n<p><\/p>","protected":false},"excerpt":{"rendered":"<p>Frequently Asked Questions Find answers to commonly asked questions about our products and services. Still have a question? If you have any other queries, feel free to reach out to us. Our knowledgeable team is here to help!<\/p>","protected":false},"author":1,"featured_media":0,"parent":0,"menu_order":0,"comment_status":"closed","ping_status":"closed","template":"","meta":{"_uag_custom_page_level_css":"","footnotes":""},"class_list":["post-670","page","type-page","status-publish","hentry"],"blocksy_meta":[],"uagb_featured_image_src":{"full":false,"thumbnail":false,"medium":false,"medium_large":false,"large":false,"1536x1536":false,"2048x2048":false,"trp-custom-language-flag":false},"uagb_author_info":{"display_name":"assetservicesinc2090","author_link":"https:\/\/assetworldservices.com\/es\/author\/assetservicesinc2090\/"},"uagb_comment_info":0,"uagb_excerpt":"Frequently Asked Questions Find answers to commonly asked questions about our products and services. Still have a question? If you have any other queries, feel free to reach out to us. Our knowledgeable team is here to help!","_links":{"self":[{"href":"https:\/\/assetworldservices.com\/es\/wp-json\/wp\/v2\/pages\/670","targetHints":{"allow":["GET"]}}],"collection":[{"href":"https:\/\/assetworldservices.com\/es\/wp-json\/wp\/v2\/pages"}],"about":[{"href":"https:\/\/assetworldservices.com\/es\/wp-json\/wp\/v2\/types\/page"}],"author":[{"embeddable":true,"href":"https:\/\/assetworldservices.com\/es\/wp-json\/wp\/v2\/users\/1"}],"replies":[{"embeddable":true,"href":"https:\/\/assetworldservices.com\/es\/wp-json\/wp\/v2\/comments?post=670"}],"version-history":[{"count":7,"href":"https:\/\/assetworldservices.com\/es\/wp-json\/wp\/v2\/pages\/670\/revisions"}],"predecessor-version":[{"id":1502,"href":"https:\/\/assetworldservices.com\/es\/wp-json\/wp\/v2\/pages\/670\/revisions\/1502"}],"wp:attachment":[{"href":"https:\/\/assetworldservices.com\/es\/wp-json\/wp\/v2\/media?parent=670"}],"curies":[{"name":"wp","href":"https:\/\/api.w.org\/{rel}","templated":true}]}}