{"id":343,"date":"2024-01-15T14:04:53","date_gmt":"2024-01-15T14:04:53","guid":{"rendered":"https:\/\/startersites.io\/blocksy\/consultant\/?page_id=12"},"modified":"2025-06-16T20:50:38","modified_gmt":"2025-06-16T20:50:38","slug":"about","status":"publish","type":"page","link":"https:\/\/assetworldservices.com\/es\/about\/","title":{"rendered":"Acerca de Nosotros"},"content":{"rendered":"<div class=\"wp-block-eds-animate-it-block eds-animate-block-save\"><div class=\"eds-animate animated edsanimate-sis-hidden\" data-eds-entry-animation=\"bounceInDown\" data-eds-entry-delay=\"0\" data-eds-entry-duration=\"0.5\" data-eds-entry-timing=\"linear\" data-eds-exit-animation=\"\" data-eds-exit-delay=\"0\" data-eds-exit-duration=\"0.5\" data-eds-exit-timing=\"linear\" data-eds-repeat-count=\"1\" data-eds-keep=\"yes\" data-eds-animate-on=\"load\" data-eds-scroll-offset=\"\">\n<div class=\"wp-block-uagb-container uag-hide-tab uag-hide-mob uagb-block-mk6oecle alignfull uagb-is-root-container\"><div class=\"uagb-container-inner-blocks-wrap\">\n<header class=\"wp-block-uagb-info-box uagb-block-9nrzjqtw uagb-infobox__content-wrap  uagb-infobox-icon-above-title uagb-infobox-image-valign-top\"><div class=\"uagb-ifb-content\"><div class=\"uagb-ifb-title-wrap\"><h2 class=\"uagb-ifb-title\">M\u00e1s que un negocio, es algo personal.<br>En Asset Services, nuestra historia est\u00e1 basada en una sola creencia: <br>Las relaciones importan m\u00e1s que las transacciones.<\/h2><\/div><\/div><\/header>\n<\/div><\/div>\n<\/div><\/div>\n\n\n\n<div class=\"wp-block-eds-animate-it-block eds-animate-block-save\"><div class=\"eds-animate animated edsanimate-sis-hidden\" data-eds-entry-animation=\"bounceInUp\" data-eds-entry-delay=\"0\" data-eds-entry-duration=\"0.5\" data-eds-entry-timing=\"linear\" data-eds-exit-animation=\"\" data-eds-exit-delay=\"0\" data-eds-exit-duration=\"0.5\" data-eds-exit-timing=\"linear\" data-eds-repeat-count=\"1\" data-eds-keep=\"yes\" data-eds-animate-on=\"load\" data-eds-scroll-offset=\"\">\n<div class=\"wp-block-uagb-container uagb-block-ozmk1qce alignfull uagb-is-root-container\"><div class=\"uagb-container-inner-blocks-wrap\">\n<div class=\"wp-block-uagb-container uagb-block-j7kzhbpj alignfull uagb-is-root-container\"><div class=\"uagb-container-inner-blocks-wrap\">\n<div class=\"wp-block-uagb-container uagb-block-ekdgrm2u\">\n<div class=\"wp-block-uagb-info-box uagb-block-4mmextyk uagb-infobox__content-wrap  uagb-infobox-icon-left-title uagb-infobox-left uagb-infobox-image-valign-middle\"><div class=\"uagb-ifb-content\"><div class=\"uagb-ifb-left-title-image\"><div class=\"uagb-ifb-title-wrap\"><h3 class=\"uagb-ifb-title\">NUESTRA VISI\u00d3N<\/h3><\/div><\/div><p class=\"uagb-ifb-desc\">En <strong>Asset Services,<\/strong>, <strong>our vision<\/strong> is to empower individuals and advisors to take full ownership of their financial future through integrity, expertise, and strategic independence.<br>Nos esforzamos por crear un mundo donde la riqueza se construya no solo a trav\u00e9s de decisiones inteligentes, sino mediante relaciones significativas  donde cada cliente se sienta informado, seguro y respaldado. Al combinar conocimientos de mercado de vanguardia con una conexi\u00f3n humana genuina, buscamos establecer un nuevo est\u00e1ndar en servicios de inversi\u00f3n e inmobiliarios. Visualizamos un futuro donde el \u00e9xito se defina no solo por las ganancias, sino por la confianza, la transparencia y el valor a largo plazo. <br><strong>Tu visi\u00f3n es nuestra misi\u00f3n  y la estamos construyendo juntos.<\/strong><br>    <\/p><\/div><\/div>\n<\/div>\n\n\n\n<div class=\"wp-block-uagb-image aligncenter uagb-block-xv7yejtk wp-block-uagb-image--layout-default wp-block-uagb-image--effect-static wp-block-uagb-image--align-center\"><figure class=\"wp-block-uagb-image__figure\"><img decoding=\"async\" srcset=\"https:\/\/assetworldservices.com\/wp-content\/uploads\/2025\/05\/pexels-a-darmel-7641990-683x1024.jpg ,https:\/\/assetworldservices.com\/wp-content\/uploads\/2025\/05\/pexels-a-darmel-7641990-scaled.jpg 780w, https:\/\/assetworldservices.com\/wp-content\/uploads\/2025\/05\/pexels-a-darmel-7641990-scaled.jpg 360w\" sizes=\"auto, (max-width: 480px) 150px\" src=\"https:\/\/assetworldservices.com\/wp-content\/uploads\/2025\/05\/pexels-a-darmel-7641990-683x1024.jpg\" alt=\"\" class=\"uag-image-1005\" width=\"406\" height=\"750\" title=\"pexels-a-darmel-7641990\" loading=\"lazy\" role=\"img\"\/><\/figure><\/div>\n\n\n\n<div class=\"wp-block-uagb-info-box uagb-block-872216ef uagb-infobox__content-wrap  uagb-infobox-icon-left-title uagb-infobox-left uagb-infobox-image-valign-middle\"><div class=\"uagb-ifb-content\"><div class=\"uagb-ifb-left-title-image\"><div class=\"uagb-ifb-title-wrap\"><h3 class=\"uagb-ifb-title\">NUESTRA MISI\u00d3N<\/h3><\/div><\/div><p class=\"uagb-ifb-desc\">En <strong>Asset Services,<\/strong>, <strong>our mission<\/strong> is to deliver personalized, full-service investment and real estate solutions that prioritize long-term relationships over short-term gains.<br>Estamos comprometidos a guiar a nuestros clientes desde asesores independientes hasta inversionistas primerizos con integridad, inteligencia de mercado y una dedicaci\u00f3n incansable. A trav\u00e9s de un apoyo experto, planificaci\u00f3n estrat\u00e9gica, an\u00e1lisis s\u00f3lidos, responsabilidad fiduciaria, procesos orientados al cumplimiento y est\u00e1ndares de servicio inigualables, empoderamos a nuestros clientes para que tomen decisiones informadas y seguras, y desbloqueen todo el potencial de sus activos en entornos de mercado din\u00e1micos y en constante evoluci\u00f3n dentro del ecosistema financiero global.<\/p><\/div><\/div>\n<\/div><\/div>\n<\/div><\/div>\n<\/div><\/div>\n\n\n\n<div class=\"wp-block-eds-animate-it-block eds-animate-block-save\"><div class=\"eds-animate animated edsanimate-sis-hidden\" data-eds-entry-animation=\"fadeIn\" data-eds-entry-delay=\"0\" data-eds-entry-duration=\"0.5\" data-eds-entry-timing=\"linear\" data-eds-exit-animation=\"\" data-eds-exit-delay=\"0\" data-eds-exit-duration=\"0.5\" data-eds-exit-timing=\"linear\" data-eds-repeat-count=\"1\" data-eds-keep=\"yes\" data-eds-animate-on=\"load\" data-eds-scroll-offset=\"\">\n<div class=\"wp-block-uagb-container uagb-block-rmynlav7 alignfull uagb-is-root-container\"><div class=\"uagb-container-inner-blocks-wrap\">\n<div class=\"wp-block-uagb-container uagb-block-nhrmgh9x\">\n<div class=\"wp-block-uagb-info-box uagb-block-ggowsxrt uagb-infobox__content-wrap  uagb-infobox-icon-above-title uagb-infobox-image-valign-top\"><div class=\"uagb-ifb-content\"><div class=\"uagb-ifb-title-wrap\"><p class=\"uagb-ifb-title-prefix\">Construidos diferente. Confiables siempre.<\/p><h2 class=\"uagb-ifb-title\">No Solo Movemos Activos<br>\u2014 Construimos Legados<\/h2><\/div><p class=\"uagb-ifb-desc\">Comenzamos como una firma de inversi\u00f3n y corretaje de servicio completo con una sola misi\u00f3n: redefinir c\u00f3mo las personas experimentan el camino hacia la independencia financiera y la propiedad de bienes ra\u00edces. Ya seas un inversionista primerizo o un asesor experimentado listo para adoptar el modelo RIA, estamos aqu\u00ed para guiarte en cada paso.<br>Desde navegar por mercados complejos hasta descubrir el valor oculto en tus activos, nuestros corredores y agentes de red son m\u00e1s que expertos: son socios. Combinamos una investigaci\u00f3n de mercado profunda con visi\u00f3n estrat\u00e9gica, poder de negociaci\u00f3n y un compromiso personal con tus objetivos. No solo hacemos los n\u00fameros les damos contexto, peso y direcci\u00f3n.<br>A lo largo de los a\u00f1os, hemos ayudado a nuestros clientes a desbloquear todo el potencial de sus inversiones ofreciendo orientaci\u00f3n personalizada, estrategias proactivas y un apoyo inquebrantable. Desde establecer el precio inicial adecuado hasta prepararse para inspecciones, gestionar negociaciones o hacer la transici\u00f3n hacia la independencia total. <br>Estamos a tu lado, aportando valor donde otros no lo ven.<br><br>Porque en Asset Services, tu futuro no es solo otro trato es un legado.<\/p><\/div><\/div>\n\n\n\n<div class=\"wp-block-uagb-buttons uagb-buttons__outer-wrap uagb-btn__default-btn uagb-btn-tablet__default-btn uagb-btn-mobile__default-btn uagb-block-7f767a3e\"><div class=\"uagb-buttons__wrap uagb-buttons-layout-wrap\">\n<div class=\"wp-block-uagb-buttons-child uagb-buttons__outer-wrap uagb-block-30cebca6 wp-block-button\"><div class=\"uagb-button__wrapper\"><a class=\"uagb-buttons-repeater wp-block-button__link\" aria-label=\"\" href=\"https:\/\/assetworldservices.com\/es\/services\/\" rel=\"follow noopener\" target=\"_self\" role=\"button\"><div class=\"uagb-button__link\">DESCUBRE<\/div><\/a><\/div><\/div>\n<\/div><\/div>\n<\/div>\n<\/div><\/div>\n<\/div><\/div>\n\n\n\n<div class=\"wp-block-uagb-container uagb-block-fdqboknw alignfull uagb-is-root-container\"><div class=\"uagb-container-inner-blocks-wrap\">\n<div class=\"wp-block-uagb-container uagb-block-azxsx6wu\">\n<div class=\"wp-block-uagb-info-box uagb-block-pphxity9 uagb-infobox__content-wrap  uagb-infobox-icon-above-title uagb-infobox-image-valign-top wp-block-uagb-info-box--has-margin\"><div class=\"uagb-infobox-margin-wrapper\"><div class=\"uagb-ifb-content\"><div class=\"uagb-ifb-title-wrap\"><h2 class=\"uagb-ifb-title\">Gu\u00eda con Prop\u00f3sito, Estrategia con Impacto<\/h2><\/div><p class=\"uagb-ifb-desc\">Asset Services se fund\u00f3 con la idea de que tomar decisiones financieras e inmobiliarias no deber\u00eda sentirse abrumador. Combinamos precisi\u00f3n anal\u00edtica con comprensi\u00f3n humana para ayudar a los clientes a avanzar con claridad y confianza. Nuestro enfoque es proactivo, orientado a los detalles y completamente alineado con tus objetivos. Desde la planificaci\u00f3n estrat\u00e9gica hasta la ejecuci\u00f3n pr\u00e1ctica, brindamos una gu\u00eda s\u00f3lida, relevante y con impacto. No estamos aqu\u00ed para seguir tendencias estamos aqu\u00ed para crearlas, desafiar suposiciones y hacer que tu pr\u00f3ximo movimiento sea m\u00e1s inteligente que el anterior.<\/p><\/div><\/div><\/div>\n\n\n\n<div class=\"wp-block-uagb-image alignleft uagb-block-5lclajv0 wp-block-uagb-image--layout-default wp-block-uagb-image--effect-static wp-block-uagb-image--align-left\"><figure class=\"wp-block-uagb-image__figure\"><img decoding=\"async\" srcset=\"https:\/\/assetworldservices.com\/wp-content\/uploads\/2025\/05\/pexels-bintimalu-1485653-1024x683.jpg ,https:\/\/assetworldservices.com\/wp-content\/uploads\/2025\/05\/pexels-bintimalu-1485653-scaled.jpg 780w, https:\/\/assetworldservices.com\/wp-content\/uploads\/2025\/05\/pexels-bintimalu-1485653-scaled.jpg 360w\" sizes=\"auto, (max-width: 480px) 150px\" src=\"https:\/\/assetworldservices.com\/wp-content\/uploads\/2025\/05\/pexels-bintimalu-1485653-1024x683.jpg\" alt=\"\" class=\"uag-image-763\" width=\"564\" height=\"376\" title=\"pexels-bintimalu-1485653\" loading=\"lazy\" role=\"img\"\/><\/figure><\/div>\n\n\n\n<div class=\"wp-block-uagb-info-box uagb-block-kb8mfl7y uagb-infobox__content-wrap  uagb-infobox-icon-above-title uagb-infobox-image-valign-top wp-block-uagb-info-box--has-margin\"><div class=\"uagb-infobox-margin-wrapper\"><div class=\"uagb-ifb-content\"><div class=\"uagb-ifb-title-wrap\"><h3 class=\"uagb-ifb-title\">Precisi\u00f3n Que Te Impulsa Hacia Adelante<\/h3><\/div><p class=\"uagb-ifb-desc\">No perseguimos el ruido dise\u00f1amos movimientos que importan. En Asset Services, cada recomendaci\u00f3n est\u00e1 basada en datos, afinada por la experiencia y hecha a la medida para guiarte hacia un progreso duradero y medible.<br>Creemos que la claridad supera al caos. Por eso no nos distraen las modas ni el ruido vac\u00edo, nos enfocamos en lo que realmente genera resultados. Nuestras estrategias est\u00e1n basadas en an\u00e1lisis rigurosos, perfeccionadas con a\u00f1os de experiencia pr\u00e1ctica y adaptadas para alinearse con tus metas y desaf\u00edos \u00fanicos.<br><\/p><\/div><\/div><\/div>\n<\/div>\n\n\n\n<div class=\"wp-block-uagb-container uagb-block-0vo1r0uv\">\n<div class=\"wp-block-uagb-image alignleft uagb-block-ajap5ybt wp-block-uagb-image--layout-default wp-block-uagb-image--effect-static wp-block-uagb-image--align-left\"><figure class=\"wp-block-uagb-image__figure\"><img decoding=\"async\" srcset=\"https:\/\/assetworldservices.com\/wp-content\/uploads\/2025\/05\/pexels-weekendplayer-187041-1024x768.jpg ,https:\/\/assetworldservices.com\/wp-content\/uploads\/2025\/05\/pexels-weekendplayer-187041-scaled.jpg 780w, https:\/\/assetworldservices.com\/wp-content\/uploads\/2025\/05\/pexels-weekendplayer-187041-scaled.jpg 360w\" sizes=\"auto, (max-width: 480px) 150px\" src=\"https:\/\/assetworldservices.com\/wp-content\/uploads\/2025\/05\/pexels-weekendplayer-187041-1024x768.jpg\" alt=\"\" class=\"uag-image-1003\" width=\"564\" height=\"376\" title=\"\" loading=\"lazy\" role=\"img\"\/><\/figure><\/div>\n\n\n\n<div class=\"wp-block-uagb-info-box uagb-block-5uad8fsv uagb-infobox__content-wrap  uagb-infobox-icon-above-title uagb-infobox-image-valign-top wp-block-uagb-info-box--has-margin\"><div class=\"uagb-infobox-margin-wrapper\"><div class=\"uagb-ifb-content\"><div class=\"uagb-ifb-title-wrap\"><h3 class=\"uagb-ifb-title\">De la Complejidad a la Claridad<\/h3><\/div><p class=\"uagb-ifb-desc\">Convertimos decisiones financieras e inmobiliarias complejas en acciones claras y con confianza. En Asset Services, la estrategia se encuentra con la ejecuci\u00f3n y cada paso est\u00e1 dise\u00f1ado para impulsarte con prop\u00f3sito.<\/p><\/div><\/div><\/div>\n\n\n\n<div class=\"wp-block-uagb-image alignleft uagb-block-mxrfjqfj wp-block-uagb-image--layout-default wp-block-uagb-image--effect-static wp-block-uagb-image--align-left\"><figure class=\"wp-block-uagb-image__figure\"><img decoding=\"async\" srcset=\"https:\/\/assetworldservices.com\/wp-content\/uploads\/2025\/05\/pexels-kindelmedia-7578982-1024x577.jpg ,https:\/\/assetworldservices.com\/wp-content\/uploads\/2025\/05\/pexels-kindelmedia-7578982-scaled.jpg 780w, https:\/\/assetworldservices.com\/wp-content\/uploads\/2025\/05\/pexels-kindelmedia-7578982-scaled.jpg 360w\" sizes=\"auto, (max-width: 480px) 150px\" src=\"https:\/\/assetworldservices.com\/wp-content\/uploads\/2025\/05\/pexels-kindelmedia-7578982-1024x577.jpg\" alt=\"\" class=\"uag-image-760\" width=\"564\" height=\"376\" title=\"pexels-kindelmedia-7578982\" loading=\"lazy\" role=\"img\"\/><\/figure><\/div>\n\n\n\n<div class=\"wp-block-uagb-info-box uagb-block-zxdrtnsf uagb-infobox__content-wrap  uagb-infobox-icon-above-title uagb-infobox-image-valign-top wp-block-uagb-info-box--has-margin\"><div class=\"uagb-infobox-margin-wrapper\"><div class=\"uagb-ifb-content\"><div class=\"uagb-ifb-title-wrap\"><h3 class=\"uagb-ifb-title\">Basados en la Perspicacia. Impulsados por los Resultados.<\/h3><\/div><p class=\"uagb-ifb-desc\">Asset Services ofrece m\u00e1s que consejos: ofrecemos resultados. Nuestro equipo combina una investigaci\u00f3n de mercado profunda con un enfoque personalizado y centrado en el cliente para ayudarte a actuar con decisi\u00f3n e invertir con inteligencia. Ya sea en bienes ra\u00edces o en estrategia financiera, nuestra misi\u00f3n es simple: convertir tu visi\u00f3n en valor mediante acciones informadas e intencionales.<\/p><\/div><\/div><\/div>\n<\/div>\n<\/div><\/div>\n\n\n\n<div class=\"wp-block-eds-animate-it-block eds-animate-block-save\"><div class=\"eds-animate animated edsanimate-sis-hidden\" data-eds-entry-animation=\"bounceInUp\" data-eds-entry-delay=\"0\" data-eds-entry-duration=\"0.5\" data-eds-entry-timing=\"linear\" data-eds-exit-animation=\"\" data-eds-exit-delay=\"0\" data-eds-exit-duration=\"0.5\" data-eds-exit-timing=\"linear\" data-eds-repeat-count=\"1\" data-eds-keep=\"yes\" data-eds-animate-on=\"load\" data-eds-scroll-offset=\"\">\n<div class=\"wp-block-uagb-container uagb-block-kcrkuryj alignfull uagb-is-root-container\"><div class=\"uagb-container-inner-blocks-wrap\">\n<div class=\"wp-block-uagb-container uagb-block-zte4g13b\">\n<div class=\"wp-block-uagb-info-box uagb-block-rwwszrdj uagb-infobox__content-wrap  uagb-infobox-icon-above-title uagb-infobox-image-valign-top\"><div class=\"uagb-ifb-content\"><div class=\"uagb-ifb-title-wrap\"><\/div><p class=\"uagb-ifb-desc\"><strong>La excelencia no es una meta, es nuestro est\u00e1ndar. Desde el servicio hasta la entrega, nos impulsa el compromiso de hacer las cosas bien, siempre.<\/strong><\/p><\/div><\/div>\n\n\n\n<div class=\"wp-block-uagb-info-box uagb-block-ilovycpu uagb-infobox__content-wrap  uagb-infobox-icon-above-title uagb-infobox-image-valign-top\"><div class=\"uagb-ifb-content\"><div class=\"uagb-ifb-title-wrap\"><h2 class=\"uagb-ifb-title\">Lo Que Nos Distingue de la Competencia<\/h2><\/div><\/div><\/div>\n<\/div>\n\n\n\n<div class=\"wp-block-uagb-container uagb-block-1pncabqk\">\n<div class=\"wp-block-uagb-container uagb-block-pn3mqbpv\">\n<div class=\"wp-block-uagb-info-box uagb-block-ooa8egkj uagb-infobox__content-wrap  uagb-infobox-icon-above-title uagb-infobox-image-valign-top\"><div class=\"uagb-ifb-content\"><div class=\"uagb-ifb-title-wrap\"><p class=\"uagb-ifb-title-prefix\">01<\/p><h3 class=\"uagb-ifb-title\">Experiencia Sin Igual<\/h3><\/div><p class=\"uagb-ifb-desc\">Cada miembro de nuestro equipo aporta conocimientos especializados y un compromiso con los resultados, garantizando que recibas soluciones claras y efectivas en cada etapa del camino.<\/p><\/div><\/div>\n<\/div>\n\n\n\n<div class=\"wp-block-uagb-container uagb-block-2zwaw5gc\">\n<div class=\"wp-block-uagb-info-box uagb-block-byzmcxcx uagb-infobox__content-wrap  uagb-infobox-icon-above-title uagb-infobox-image-valign-top\"><div class=\"uagb-ifb-content\"><div class=\"uagb-ifb-title-wrap\"><p class=\"uagb-ifb-title-prefix\">02<\/p><h3 class=\"uagb-ifb-title\">Soluciones Personalizadas<\/h3><\/div><p class=\"uagb-ifb-desc\">En lugar de enfoques gen\u00e9ricos, dise\u00f1amos estrategias que reflejan tus desaf\u00edos, aspiraciones y oportunidades \u00fanicas.<\/p><\/div><\/div>\n<\/div>\n\n\n\n<div class=\"wp-block-uagb-container uagb-block-kdeeqopa\">\n<div class=\"wp-block-uagb-info-box uagb-block-hfcua1qp uagb-infobox__content-wrap  uagb-infobox-icon-above-title uagb-infobox-image-valign-top\"><div class=\"uagb-ifb-content\"><div class=\"uagb-ifb-title-wrap\"><p class=\"uagb-ifb-title-prefix\">03<\/p><h3 class=\"uagb-ifb-title\">Entrega Puntual<\/h3><\/div><p class=\"uagb-ifb-desc\">Sabemos que tu tiempo es valioso. Por eso, estamos comprometidos a entregar puntualmente, ayud\u00e1ndote a mantenerte en tiempo y sin estr\u00e9s.<\/p><\/div><\/div>\n<\/div>\n<\/div>\n<\/div><\/div>\n<\/div><\/div>\n\n\n\n<div class=\"wp-block-group alignfull has-text-color has-background is-layout-flow wp-block-group-is-layout-flow\" style=\"color:#000000;background-color:#ffffff\">\n<h2 class=\"wp-block-heading has-text-align-center\" id=\"schedule-a-visit\" style=\"font-size:clamp(32.969px, 2.061rem + ((1vw - 3.2px) * 2.034), 59px);px;line-height:1.15\"><strong>Agenda una Visita<\/strong><\/h2>\n<\/div>\n\n\n\n<div class=\"wp-block-uagb-buttons uagb-buttons__outer-wrap uagb-btn__default-btn uagb-btn-tablet__default-btn uagb-btn-mobile__default-btn uagb-block-bb10b0cf\"><div class=\"uagb-buttons__wrap uagb-buttons-layout-wrap\">\n<div class=\"wp-block-uagb-buttons-child uagb-buttons__outer-wrap uagb-block-ae0bc39a wp-block-button\"><div class=\"uagb-button__wrapper\"><a class=\"uagb-buttons-repeater wp-block-button__link\" aria-label=\"\" href=\"https:\/\/assetworldservices.com\/es\/contact\/\" rel=\"follow noopener\" target=\"_self\" role=\"button\"><div class=\"uagb-button__link\">CONTACTO<\/div><\/a><\/div><\/div>\n<\/div><\/div>","protected":false},"excerpt":{"rendered":"<p>Agenda una Visita<\/p>","protected":false},"author":1,"featured_media":0,"parent":0,"menu_order":0,"comment_status":"closed","ping_status":"closed","template":"","meta":{"_uag_custom_page_level_css":"","footnotes":""},"class_list":["post-343","page","type-page","status-publish","hentry"],"blocksy_meta":{"has_hero_section":"disabled","styles_descriptor":{"styles":{"desktop":"","tablet":"","mobile":""},"google_fonts":[],"version":6}},"uagb_featured_image_src":{"full":false,"thumbnail":false,"medium":false,"medium_large":false,"large":false,"1536x1536":false,"2048x2048":false,"trp-custom-language-flag":false},"uagb_author_info":{"display_name":"assetservicesinc2090","author_link":"https:\/\/assetworldservices.com\/es\/author\/assetservicesinc2090\/"},"uagb_comment_info":0,"uagb_excerpt":"Schedule a Visit","_links":{"self":[{"href":"https:\/\/assetworldservices.com\/es\/wp-json\/wp\/v2\/pages\/343","targetHints":{"allow":["GET"]}}],"collection":[{"href":"https:\/\/assetworldservices.com\/es\/wp-json\/wp\/v2\/pages"}],"about":[{"href":"https:\/\/assetworldservices.com\/es\/wp-json\/wp\/v2\/types\/page"}],"author":[{"embeddable":true,"href":"https:\/\/assetworldservices.com\/es\/wp-json\/wp\/v2\/users\/1"}],"replies":[{"embeddable":true,"href":"https:\/\/assetworldservices.com\/es\/wp-json\/wp\/v2\/comments?post=343"}],"version-history":[{"count":81,"href":"https:\/\/assetworldservices.com\/es\/wp-json\/wp\/v2\/pages\/343\/revisions"}],"predecessor-version":[{"id":1504,"href":"https:\/\/assetworldservices.com\/es\/wp-json\/wp\/v2\/pages\/343\/revisions\/1504"}],"wp:attachment":[{"href":"https:\/\/assetworldservices.com\/es\/wp-json\/wp\/v2\/media?parent=343"}],"curies":[{"name":"wp","href":"https:\/\/api.w.org\/{rel}","templated":true}]}}