{"id":1285,"date":"2025-05-26T21:57:35","date_gmt":"2025-05-26T21:57:35","guid":{"rendered":"https:\/\/assetworldservices.com\/?page_id=1285"},"modified":"2025-09-23T15:43:30","modified_gmt":"2025-09-23T15:43:30","slug":"our-team","status":"publish","type":"page","link":"https:\/\/assetworldservices.com\/es\/our-team\/","title":{"rendered":"Nuestro equipo"},"content":{"rendered":"<div class=\"wp-block-eds-animate-it-block eds-animate-block-save\"><div class=\"eds-animate animated edsanimate-sis-hidden\" data-eds-entry-animation=\"bounceInDown\" data-eds-entry-delay=\"0\" data-eds-entry-duration=\"0.5\" data-eds-entry-timing=\"linear\" data-eds-exit-animation=\"\" data-eds-exit-delay=\"0\" data-eds-exit-duration=\"0.5\" data-eds-exit-timing=\"linear\" data-eds-repeat-count=\"1\" data-eds-keep=\"yes\" data-eds-animate-on=\"load\" data-eds-scroll-offset=\"\">\n<div class=\"wp-block-uagb-container uag-hide-tab uag-hide-mob uagb-block-hduhgsma alignfull uagb-is-root-container\"><div class=\"uagb-container-inner-blocks-wrap\">\n<header class=\"wp-block-uagb-info-box uagb-block-npcoe6qk uagb-infobox__content-wrap  uagb-infobox-icon-above-title uagb-infobox-image-valign-top\"><div class=\"uagb-ifb-content\"><div class=\"uagb-ifb-title-wrap\"><h2 class=\"uagb-ifb-title\">Conoce a las mentes que transforman la estrategia en legado.<\/h2><\/div><\/div><\/header>\n<\/div><\/div>\n<\/div><\/div>\n\n\n\n<div class=\"wp-block-eds-animate-it-block eds-animate-block-save\"><div class=\"eds-animate animated edsanimate-sis-hidden\" data-eds-entry-animation=\"bounceInUp\" data-eds-entry-delay=\"0\" data-eds-entry-duration=\"0.5\" data-eds-entry-timing=\"linear\" data-eds-exit-animation=\"\" data-eds-exit-delay=\"0\" data-eds-exit-duration=\"0.5\" data-eds-exit-timing=\"linear\" data-eds-repeat-count=\"1\" data-eds-keep=\"yes\" data-eds-animate-on=\"load\" data-eds-scroll-offset=\"\">\n<div class=\"wp-block-uagb-container uagb-block-ayf8l7fi alignfull uagb-is-root-container\"><div class=\"uagb-container-inner-blocks-wrap\">\n<div class=\"wp-block-uagb-info-box uagb-block-pc4uehce uagb-infobox__content-wrap  uagb-infobox-icon-above-title uagb-infobox-image-valign-top\"><div class=\"uagb-ifb-content\"><div class=\"uagb-ifb-title-wrap\"><h2 class=\"uagb-ifb-title\">Conoce a nuestro equipo de expertos<\/h2><\/div><p class=\"uagb-ifb-desc\">En el centro de todo lo que hacemos est\u00e1 un equipo de profesionales apasionados, comprometidos con ofrecer resultados extraordinarios. Conoce a los expertos que convierten nuestra visi\u00f3n en realidad y tus objetivos en logros.<\/p><\/div><\/div>\n\n\n\n<div class=\"wp-block-uagb-container uagb-block-bwzcidap\">\n<div class=\"wp-block-uagb-container uagb-block-ncsxvjxg\">\n<div class=\"wp-block-uagb-image alignleft uagb-block-hqw9xknw wp-block-uagb-image--layout-default wp-block-uagb-image--effect-static wp-block-uagb-image--align-left\"><figure class=\"wp-block-uagb-image__figure\"><img decoding=\"async\" srcset=\"https:\/\/assetworldservices.com\/wp-content\/uploads\/2025\/05\/2-1.png ,https:\/\/assetworldservices.com\/wp-content\/uploads\/2025\/05\/2-1.png 780w, https:\/\/assetworldservices.com\/wp-content\/uploads\/2025\/05\/2-1.png 360w\" sizes=\"auto, (max-width: 480px) 150px\" src=\"https:\/\/assetworldservices.com\/wp-content\/uploads\/2025\/05\/2-1.png\" alt=\"\" class=\"uag-image-1332\" width=\"368\" height=\"460\" title=\"\" loading=\"lazy\" role=\"img\"\/><\/figure><\/div>\n\n\n\n<div class=\"wp-block-uagb-info-box uagb-block-702yphc4 uagb-infobox__content-wrap  uagb-infobox-icon-above-title uagb-infobox-image-valign-top wp-block-uagb-info-box--has-margin\"><div class=\"uagb-infobox-margin-wrapper\"><div class=\"uagb-ifb-content\"><div class=\"uagb-ifb-title-wrap\"><span class=\"uagb-ifb-title-prefix\">SENIOR BROKER<\/span><p class=\"uagb-ifb-title\">Linda Marie Ferreira<\/p><\/div><p class=\"uagb-ifb-desc\"><strong>lindaferreira@assetworldservices.com<\/strong><\/p><\/div><\/div><\/div>\n<\/div>\n\n\n\n<div class=\"wp-block-uagb-container uagb-block-nt2kqklp\">\n<div class=\"wp-block-uagb-image alignleft uagb-block-mizjwivv wp-block-uagb-image--layout-default wp-block-uagb-image--effect-static wp-block-uagb-image--align-left\"><figure class=\"wp-block-uagb-image__figure\"><img decoding=\"async\" srcset=\"https:\/\/assetworldservices.com\/wp-content\/uploads\/2025\/05\/6-1.png ,https:\/\/assetworldservices.com\/wp-content\/uploads\/2025\/05\/6-1.png 780w, https:\/\/assetworldservices.com\/wp-content\/uploads\/2025\/05\/6-1.png 360w\" sizes=\"auto, (max-width: 480px) 150px\" src=\"https:\/\/assetworldservices.com\/wp-content\/uploads\/2025\/05\/6-1.png\" alt=\"\" class=\"uag-image-1336\" width=\"368\" height=\"460\" title=\"\" loading=\"lazy\" role=\"img\"\/><\/figure><\/div>\n\n\n\n<div class=\"wp-block-uagb-info-box uagb-block-mbpdnwq1 uagb-infobox__content-wrap  uagb-infobox-icon-above-title uagb-infobox-image-valign-top wp-block-uagb-info-box--has-margin\"><div class=\"uagb-infobox-margin-wrapper\"><div class=\"uagb-ifb-content\"><div class=\"uagb-ifb-title-wrap\"><span class=\"uagb-ifb-title-prefix\">SENIOR BROKER<\/span><p class=\"uagb-ifb-title\">Daniel Luiz Almeida<\/p><\/div><p class=\"uagb-ifb-desc\"><strong>danielalmeida@assetworldservices.com<\/strong><\/p><\/div><\/div><\/div>\n<\/div>\n\n\n\n<div class=\"wp-block-uagb-container uagb-block-hxztftty\">\n<div class=\"wp-block-uagb-image alignleft uagb-block-p3wwjrin wp-block-uagb-image--layout-default wp-block-uagb-image--effect-static wp-block-uagb-image--align-left\"><figure class=\"wp-block-uagb-image__figure\"><img decoding=\"async\" srcset=\"https:\/\/assetworldservices.com\/wp-content\/uploads\/2025\/05\/222-717x1024.png ,https:\/\/assetworldservices.com\/wp-content\/uploads\/2025\/05\/222.png 780w, https:\/\/assetworldservices.com\/wp-content\/uploads\/2025\/05\/222.png 360w\" sizes=\"auto, (max-width: 480px) 150px\" src=\"https:\/\/assetworldservices.com\/wp-content\/uploads\/2025\/05\/222-717x1024.png\" alt=\"\" class=\"uag-image-1348\" width=\"368\" height=\"460\" title=\"222\" loading=\"lazy\" role=\"img\"\/><\/figure><\/div>\n\n\n\n<div class=\"wp-block-uagb-info-box uagb-block-kk99xvzx uagb-infobox__content-wrap  uagb-infobox-icon-above-title uagb-infobox-image-valign-top wp-block-uagb-info-box--has-margin\"><div class=\"uagb-infobox-margin-wrapper\"><div class=\"uagb-ifb-content\"><div class=\"uagb-ifb-title-wrap\"><span class=\"uagb-ifb-title-prefix\">SENIOR BROKER<\/span><p class=\"uagb-ifb-title\">Karen Fernandes<\/p><\/div><p class=\"uagb-ifb-desc\"><strong>karenfernandes@assetworldservices.com<\/strong><\/p><\/div><\/div><\/div>\n<\/div>\n<\/div>\n<\/div><\/div>\n\n\n\n<div class=\"wp-block-uagb-container uagb-block-bf021ed5 alignfull uagb-is-root-container\"><div class=\"uagb-container-inner-blocks-wrap\">\n<div class=\"wp-block-uagb-container uagb-layout-grid uagb-block-fxwmmh9y alignfull uagb-is-root-container\"><div class=\"uagb-container-inner-blocks-wrap\">\n<div class=\"wp-block-uagb-container uagb-block-ultntgep\">\n<div class=\"wp-block-uagb-image alignleft uagb-block-kym6vkhn wp-block-uagb-image--layout-default wp-block-uagb-image--effect-static wp-block-uagb-image--align-left\"><figure class=\"wp-block-uagb-image__figure\"><img decoding=\"async\" srcset=\"https:\/\/assetworldservices.com\/wp-content\/uploads\/2025\/05\/4-1024x1024.jpeg ,https:\/\/assetworldservices.com\/wp-content\/uploads\/2025\/05\/4.jpeg 780w, https:\/\/assetworldservices.com\/wp-content\/uploads\/2025\/05\/4.jpeg 360w\" sizes=\"auto, (max-width: 480px) 150px\" src=\"https:\/\/assetworldservices.com\/wp-content\/uploads\/2025\/05\/4-1024x1024.jpeg\" alt=\"\" class=\"uag-image-1338\" width=\"576\" height=\"384\" title=\"\" loading=\"lazy\" role=\"img\"\/><\/figure><\/div>\n\n\n\n<div class=\"wp-block-uagb-info-box uagb-block-seoow7ps uagb-infobox__content-wrap  uagb-infobox-icon-above-title uagb-infobox-image-valign-top\"><div class=\"uagb-ifb-content\"><div class=\"uagb-ifb-title-wrap\"><span class=\"uagb-ifb-title-prefix\">CEO<\/span><p class=\"uagb-ifb-title\">Melvin Katz<\/p><\/div><p class=\"uagb-ifb-desc\"><strong>melvinkatz@assetworldservices.com<br><\/strong><\/p><\/div><\/div>\n<\/div>\n\n\n\n<div class=\"wp-block-uagb-container uagb-block-ql71hiaa\">\n<div class=\"wp-block-uagb-image alignleft uagb-block-lbbq1tq3 wp-block-uagb-image--layout-default wp-block-uagb-image--effect-static wp-block-uagb-image--align-left\"><figure class=\"wp-block-uagb-image__figure\"><img decoding=\"async\" srcset=\"https:\/\/assetworldservices.com\/wp-content\/uploads\/2025\/05\/1-1024x1024.jpeg ,https:\/\/assetworldservices.com\/wp-content\/uploads\/2025\/05\/1.jpeg 780w, https:\/\/assetworldservices.com\/wp-content\/uploads\/2025\/05\/1.jpeg 360w\" sizes=\"auto, (max-width: 480px) 150px\" src=\"https:\/\/assetworldservices.com\/wp-content\/uploads\/2025\/05\/1-1024x1024.jpeg\" alt=\"\" class=\"uag-image-1341\" width=\"576\" height=\"384\" title=\"\" loading=\"lazy\" role=\"img\"\/><\/figure><\/div>\n\n\n\n<div class=\"wp-block-uagb-info-box uagb-block-cvn1xzdl uagb-infobox__content-wrap  uagb-infobox-icon-above-title uagb-infobox-image-valign-top wp-block-uagb-info-box--has-margin\"><div class=\"uagb-infobox-margin-wrapper\"><div class=\"uagb-ifb-content\"><div class=\"uagb-ifb-title-wrap\"><span class=\"uagb-ifb-title-prefix\">SENIOR BROKER<\/span><p class=\"uagb-ifb-title\">Thomas Allan Farmer<\/p><\/div><p class=\"uagb-ifb-desc\"><strong>thomasallanfarmer@assetworldservices.com<br><\/strong><\/p><\/div><\/div><\/div>\n<\/div>\n\n\n\n<div class=\"wp-block-uagb-container uagb-block-olsagdpn\">\n<div class=\"wp-block-uagb-image alignleft uagb-block-9f0fxun2 wp-block-uagb-image--layout-default wp-block-uagb-image--effect-static wp-block-uagb-image--align-left\"><figure class=\"wp-block-uagb-image__figure\"><img decoding=\"async\" srcset=\"https:\/\/assetworldservices.com\/wp-content\/uploads\/2025\/05\/8-1024x1024.jpg ,https:\/\/assetworldservices.com\/wp-content\/uploads\/2025\/05\/8.jpg 780w, https:\/\/assetworldservices.com\/wp-content\/uploads\/2025\/05\/8.jpg 360w\" sizes=\"auto, (max-width: 480px) 150px\" src=\"https:\/\/assetworldservices.com\/wp-content\/uploads\/2025\/05\/8-1024x1024.jpg\" alt=\"\" class=\"uag-image-1339\" width=\"368\" height=\"368\" title=\"\" loading=\"lazy\" role=\"img\"\/><\/figure><\/div>\n\n\n\n<div class=\"wp-block-uagb-info-box uagb-block-k6oihr5g uagb-infobox__content-wrap  uagb-infobox-icon-above-title uagb-infobox-image-valign-top\"><div class=\"uagb-ifb-content\"><div class=\"uagb-ifb-title-wrap\"><span class=\"uagb-ifb-title-prefix\">SENIOR BROKER<\/span><p class=\"uagb-ifb-title\">Calixto Perez<\/p><\/div><p class=\"uagb-ifb-desc\"><strong>calixtoperez@assetworldservices.com<br><\/strong><\/p><\/div><\/div>\n<\/div>\n\n\n\n<div class=\"wp-block-uagb-container uagb-block-auh32ixh\">\n<div class=\"wp-block-uagb-image alignleft uagb-block-fuomv4ru wp-block-uagb-image--layout-default wp-block-uagb-image--effect-static wp-block-uagb-image--align-left\"><figure class=\"wp-block-uagb-image__figure\"><img decoding=\"async\" srcset=\"https:\/\/assetworldservices.com\/wp-content\/uploads\/2025\/05\/3-1024x1024.jpg ,https:\/\/assetworldservices.com\/wp-content\/uploads\/2025\/05\/3.jpg 780w, https:\/\/assetworldservices.com\/wp-content\/uploads\/2025\/05\/3.jpg 360w\" sizes=\"auto, (max-width: 480px) 150px\" src=\"https:\/\/assetworldservices.com\/wp-content\/uploads\/2025\/05\/3-1024x1024.jpg\" alt=\"\" class=\"uag-image-1340\" width=\"368\" height=\"368\" title=\"\" loading=\"lazy\" role=\"img\"\/><\/figure><\/div>\n\n\n\n<div class=\"wp-block-uagb-info-box uagb-block-mvhtboje uagb-infobox__content-wrap  uagb-infobox-icon-above-title uagb-infobox-image-valign-top\"><div class=\"uagb-ifb-content\"><div class=\"uagb-ifb-title-wrap\"><p class=\"uagb-ifb-title-prefix\">SENIOR BROKER<\/p><p class=\"uagb-ifb-title\">Nicholas Thomas Rossi<\/p><\/div><p class=\"uagb-ifb-desc\"><strong>nicholasrossi@assetworldservices.com<\/strong><\/p><\/div><\/div>\n<\/div>\n\n\n\n<div class=\"wp-block-uagb-container uagb-block-6vggkcjx\">\n<div class=\"wp-block-uagb-image alignleft uagb-block-poydl5ot wp-block-uagb-image--layout-default wp-block-uagb-image--effect-static wp-block-uagb-image--align-left\"><figure class=\"wp-block-uagb-image__figure\"><img decoding=\"async\" srcset=\"https:\/\/assetworldservices.com\/wp-content\/uploads\/2025\/05\/6.jpg ,https:\/\/assetworldservices.com\/wp-content\/uploads\/2025\/05\/6.jpg 780w, https:\/\/assetworldservices.com\/wp-content\/uploads\/2025\/05\/6.jpg 360w\" sizes=\"auto, (max-width: 480px) 150px\" src=\"https:\/\/assetworldservices.com\/wp-content\/uploads\/2025\/05\/6.jpg\" alt=\"\" class=\"uag-image-1342\" width=\"368\" height=\"368\" title=\"\" loading=\"lazy\" role=\"img\"\/><\/figure><\/div>\n\n\n\n<div class=\"wp-block-uagb-info-box uagb-block-3xerh4ey uagb-infobox__content-wrap  uagb-infobox-icon-above-title uagb-infobox-image-valign-top\"><div class=\"uagb-ifb-content\"><div class=\"uagb-ifb-title-wrap\"><span class=\"uagb-ifb-title-prefix\">JUNIOR BROKER<\/span><p class=\"uagb-ifb-title\">Enrique Javier Perez<\/p><\/div><p class=\"uagb-ifb-desc\"><strong>enriqueperez@assetworldservices.com<\/strong><\/p><\/div><\/div>\n<\/div>\n<\/div><\/div>\n<\/div><\/div>\n<\/div><\/div>\n\n\n\n<div class=\"wp-block-uagb-container uagb-block-szaw4pkh alignfull uagb-is-root-container\"><div class=\"uagb-container-inner-blocks-wrap\">\n<div class=\"wp-block-uagb-info-box uagb-block-ny9qtndl uagb-infobox__content-wrap  uagb-infobox-icon-above-title uagb-infobox-image-valign-top\"><div class=\"uagb-ifb-content\"><div class=\"uagb-ifb-title-wrap\"><h2 class=\"uagb-ifb-title\">Carta para Nuestros Clientes<\/h2><\/div><p class=\"uagb-ifb-desc\"><strong>Carta de Compromiso para Nuestros Clientes Pasados, Presentes y Futuros<\/strong><br>En Asset Services Inc., cada decisi\u00f3n que tomamos, cada relaci\u00f3n que construimos y cada meta que perseguimos se rige por un principio firme e inquebrantable: nuestros clientes son lo primero. Esta carta es un homenaje a todos ustedes: los inversionistas visionarios, los asesores decididos y los emprendedores ambiciosos que han confiado en nosotros para acompa\u00f1arlos en su trayectoria financiera. Ya sea que se hayan unido a nosotros hace a\u00f1os o est\u00e9n considerando formar parte de nuestra comunidad hoy, sepan que estamos profundamente comprometidos con su \u00e9xito, su visi\u00f3n y su legado.<br>Desde nuestra fundaci\u00f3n, nos propusimos no ser una firma m\u00e1s, sino un referente. Asset Services naci\u00f3 de una idea audaz: que la excelencia en finanzas debe ser personal, estrat\u00e9gica y basada en la confianza. Esa idea sigue gui\u00e1ndonos hoy, mientras empoderamos a nuestros clientes con informaci\u00f3n de mercado de vanguardia, estrategias financieras s\u00f3lidas y un enfoque de servicio basado en relaciones que nos distingue del resto.<br><strong>A Nuestros Clientes Actuales:<\/strong> Ustedes son la raz\u00f3n por la que hacemos lo que hacemos. A lo largo de los a\u00f1os, su crecimiento ha sido tambi\u00e9n el nuestro. Nos han permitido acompa\u00f1arlos en la complejidad de las inversiones, el sector inmobiliario y la planificaci\u00f3n financiera. Nos han confiado sus ambiciones, sus inquietudes y sus metas a largo plazo, y nosotros hemos respondido con visi\u00f3n, integridad y acci\u00f3n. Ya sea en una fusi\u00f3n estrat\u00e9gica, acceso previo a una oferta p\u00fablica inicial o inversiones inmobiliarias a la medida, hemos estado a su lado en cada paso del camino. Sus logros son nuestro mayor orgullo.<br><strong>A Nuestros Futuros Clientes:<\/strong> Te vemos. Al innovador que busca un socio a su ritmo. Al asesor que necesita una infraestructura m\u00e1s inteligente. Al inversionista listo para convertir cifras en historias con sentido. No est\u00e1s simplemente uni\u00e9ndote a una firma, est\u00e1s aline\u00e1ndote con una filosof\u00eda. En Asset Services, valoramos m\u00e1s las relaciones que las transacciones, y cada nueva alianza la asumimos como el comienzo de algo duradero.<br><strong>Nuestra Promesa<\/strong> Prometemos aportar valor a trav\u00e9s de la acci\u00f3n, no solo con palabras. Prometemos combinar datos con profundidad, asesor\u00eda con responsabilidad y acompa\u00f1amiento con estrategia. A trav\u00e9s de los ciclos del mercado, las disrupciones de la industria y la evoluci\u00f3n de tus propias necesidades, nos mantenemos firmes en nuestro compromiso con la claridad, la agilidad y la excelencia.<br>Ya sea soluciones de seguros dise\u00f1adas para riesgos complejos, asesor\u00eda inmobiliaria basada en un profundo conocimiento local o servicios de broker-dealer creados para empoderar a los asesores, ofrecemos m\u00e1s que un portafolio de servicios. Ofrecemos intenci\u00f3n. Precisi\u00f3n. El deseo de verte prosperar.<br><strong>Por Qu\u00e9 Somos Diferentes<\/strong> Asset Services no est\u00e1 hecha para todos, est\u00e1 hecha para quienes esperan m\u00e1s. M\u00e1s visi\u00f3n. M\u00e1s flexibilidad. M\u00e1s resultados. No operamos con base en promesas vac\u00edas ni en volumen, sino en resultados y reputaci\u00f3n. Nuestra infraestructura est\u00e1 dise\u00f1ada para escalar sin perder el enfoque personalizado. Nuestro equipo est\u00e1 preparado para moverse al ritmo de tu ambici\u00f3n.<br>From private equity to fund distribution, from LP secondaries to chaperone services, our capabilities are vast but our focus is clear: to help you move forward with confidence.<br><strong>Dise\u00f1ado para la Independencia. Respaldado por la Experiencia.<\/strong> Nos enorgullece respaldar a asesores que se niegan a conformarse. Nos honra apoyar a empresas que buscan crecer con prop\u00f3sito. Y estamos listos para guiar a cada inversionista que ve su futuro no solo como un rendimiento, sino como un legado.<br>Si has sido parte de nuestro camino, gracias. Si est\u00e1s considerando dar el primer paso con nosotros, bienvenido. Construyamos algo extraordinario, juntos.<br>Con respeto y gratitud,<br><strong>El equipo de Asset Services Inc.<\/strong><\/p><\/div><\/div>\n<\/div><\/div>","protected":false},"excerpt":{"rendered":"","protected":false},"author":1,"featured_media":0,"parent":0,"menu_order":0,"comment_status":"closed","ping_status":"closed","template":"","meta":{"_uag_custom_page_level_css":"","footnotes":""},"class_list":["post-1285","page","type-page","status-publish","hentry"],"blocksy_meta":[],"uagb_featured_image_src":{"full":false,"thumbnail":false,"medium":false,"medium_large":false,"large":false,"1536x1536":false,"2048x2048":false,"trp-custom-language-flag":false},"uagb_author_info":{"display_name":"assetservicesinc2090","author_link":"https:\/\/assetworldservices.com\/es\/author\/assetservicesinc2090\/"},"uagb_comment_info":0,"uagb_excerpt":null,"_links":{"self":[{"href":"https:\/\/assetworldservices.com\/es\/wp-json\/wp\/v2\/pages\/1285","targetHints":{"allow":["GET"]}}],"collection":[{"href":"https:\/\/assetworldservices.com\/es\/wp-json\/wp\/v2\/pages"}],"about":[{"href":"https:\/\/assetworldservices.com\/es\/wp-json\/wp\/v2\/types\/page"}],"author":[{"embeddable":true,"href":"https:\/\/assetworldservices.com\/es\/wp-json\/wp\/v2\/users\/1"}],"replies":[{"embeddable":true,"href":"https:\/\/assetworldservices.com\/es\/wp-json\/wp\/v2\/comments?post=1285"}],"version-history":[{"count":24,"href":"https:\/\/assetworldservices.com\/es\/wp-json\/wp\/v2\/pages\/1285\/revisions"}],"predecessor-version":[{"id":1517,"href":"https:\/\/assetworldservices.com\/es\/wp-json\/wp\/v2\/pages\/1285\/revisions\/1517"}],"wp:attachment":[{"href":"https:\/\/assetworldservices.com\/es\/wp-json\/wp\/v2\/media?parent=1285"}],"curies":[{"name":"wp","href":"https:\/\/api.w.org\/{rel}","templated":true}]}}