{"id":1040,"date":"2025-05-20T17:51:29","date_gmt":"2025-05-20T17:51:29","guid":{"rendered":"https:\/\/assetworldservices.com\/?page_id=1040"},"modified":"2025-05-20T17:51:29","modified_gmt":"2025-05-20T17:51:29","slug":"private-equity-solutions","status":"publish","type":"page","link":"https:\/\/assetworldservices.com\/es\/services\/private-equity-solutions\/","title":{"rendered":"Soluciones de Capital Privado"},"content":{"rendered":"<div class=\"wp-block-eds-animate-it-block eds-animate-block-save\"><div class=\"eds-animate animated edsanimate-sis-hidden\" data-eds-entry-animation=\"bounceInDown\" data-eds-entry-delay=\"0\" data-eds-entry-duration=\"0.5\" data-eds-entry-timing=\"linear\" data-eds-exit-animation=\"\" data-eds-exit-delay=\"0\" data-eds-exit-duration=\"0.5\" data-eds-exit-timing=\"linear\" data-eds-repeat-count=\"1\" data-eds-keep=\"yes\" data-eds-animate-on=\"load\" data-eds-scroll-offset=\"\">\n<div class=\"wp-block-uagb-container uagb-block-6bb7xuhj alignfull uagb-is-root-container\"><div class=\"uagb-container-inner-blocks-wrap\">\n<div class=\"wp-block-uagb-info-box uagb-block-unlp9j69 uagb-infobox__content-wrap  uagb-infobox-icon-above-title uagb-infobox-image-valign-top\"><div class=\"uagb-ifb-content\"><div class=\"uagb-ifb-title-wrap\"><h1 class=\"uagb-ifb-title\">Soluciones de Capital Privado<\/h1><\/div><\/div><\/div>\n<\/div><\/div>\n<\/div><\/div>\n\n\n\n<div class=\"wp-block-eds-animate-it-block eds-animate-block-save\"><div class=\"eds-animate animated edsanimate-sis-hidden\" data-eds-entry-animation=\"bounceInUp\" data-eds-entry-delay=\"0\" data-eds-entry-duration=\"0.5\" data-eds-entry-timing=\"linear\" data-eds-exit-animation=\"\" data-eds-exit-delay=\"0\" data-eds-exit-duration=\"0.5\" data-eds-exit-timing=\"linear\" data-eds-repeat-count=\"1\" data-eds-keep=\"yes\" data-eds-animate-on=\"load\" data-eds-scroll-offset=\"\">\n<div class=\"wp-block-uagb-container uagb-block-hgnowici alignfull uagb-is-root-container\"><div class=\"uagb-container-inner-blocks-wrap\">\n<div class=\"wp-block-uagb-info-box uagb-block-sh3akbzv uagb-infobox__content-wrap  uagb-infobox-icon-above-title uagb-infobox-image-valign-top\"><div class=\"uagb-ifb-content\"><div class=\"uagb-ifb-title-wrap\"><p class=\"uagb-ifb-title-prefix\">ALIANZAS INSTITUCIONALES<\/p><h1 class=\"uagb-ifb-title\">Liquidez con Prop\u00f3sito. Alianzas con Visi\u00f3n.<\/h1><\/div><p class=\"uagb-ifb-desc\">Asistimos a clientes institucionales en liberar liquidez o escalar sus participaciones en capital privado. Nuestros servicios incluyen transacciones secundarias de fondos, identificaci\u00f3n de oportunidades de coinversi\u00f3n y desinversi\u00f3n de intereses como LP. Actuamos con total discreci\u00f3n, aprovechando una s\u00f3lida red de fuentes de capital global para conectar necesidades con oportunidades. Nuestro objetivo es ayudarte a optimizar tus activos sin comprometer tus metas estrat\u00e9gicas, asegurando que cada decisi\u00f3n de capital sea alineada y deliberada.<\/p><\/div><\/div>\n<\/div><\/div>\n<\/div><\/div>","protected":false},"excerpt":{"rendered":"","protected":false},"author":1,"featured_media":0,"parent":342,"menu_order":0,"comment_status":"closed","ping_status":"closed","template":"","meta":{"_uag_custom_page_level_css":"","footnotes":""},"class_list":["post-1040","page","type-page","status-publish","hentry"],"blocksy_meta":[],"uagb_featured_image_src":{"full":false,"thumbnail":false,"medium":false,"medium_large":false,"large":false,"1536x1536":false,"2048x2048":false,"trp-custom-language-flag":false},"uagb_author_info":{"display_name":"assetservicesinc2090","author_link":"https:\/\/assetworldservices.com\/es\/author\/assetservicesinc2090\/"},"uagb_comment_info":0,"uagb_excerpt":null,"_links":{"self":[{"href":"https:\/\/assetworldservices.com\/es\/wp-json\/wp\/v2\/pages\/1040","targetHints":{"allow":["GET"]}}],"collection":[{"href":"https:\/\/assetworldservices.com\/es\/wp-json\/wp\/v2\/pages"}],"about":[{"href":"https:\/\/assetworldservices.com\/es\/wp-json\/wp\/v2\/types\/page"}],"author":[{"embeddable":true,"href":"https:\/\/assetworldservices.com\/es\/wp-json\/wp\/v2\/users\/1"}],"replies":[{"embeddable":true,"href":"https:\/\/assetworldservices.com\/es\/wp-json\/wp\/v2\/comments?post=1040"}],"version-history":[{"count":1,"href":"https:\/\/assetworldservices.com\/es\/wp-json\/wp\/v2\/pages\/1040\/revisions"}],"predecessor-version":[{"id":1041,"href":"https:\/\/assetworldservices.com\/es\/wp-json\/wp\/v2\/pages\/1040\/revisions\/1041"}],"up":[{"embeddable":true,"href":"https:\/\/assetworldservices.com\/es\/wp-json\/wp\/v2\/pages\/342"}],"wp:attachment":[{"href":"https:\/\/assetworldservices.com\/es\/wp-json\/wp\/v2\/media?parent=1040"}],"curies":[{"name":"wp","href":"https:\/\/api.w.org\/{rel}","templated":true}]}}