{"id":1021,"date":"2025-05-20T17:32:31","date_gmt":"2025-05-20T17:32:31","guid":{"rendered":"https:\/\/assetworldservices.com\/?page_id=1021"},"modified":"2025-05-20T17:32:31","modified_gmt":"2025-05-20T17:32:31","slug":"chaperone-services","status":"publish","type":"page","link":"https:\/\/assetworldservices.com\/es\/services\/chaperone-services\/","title":{"rendered":"Servicios de Acompa\u00f1amiento Regulatorio"},"content":{"rendered":"<div class=\"wp-block-eds-animate-it-block eds-animate-block-save\"><div class=\"eds-animate animated edsanimate-sis-hidden\" data-eds-entry-animation=\"bounceInDown\" data-eds-entry-delay=\"0\" data-eds-entry-duration=\"0.5\" data-eds-entry-timing=\"linear\" data-eds-exit-animation=\"\" data-eds-exit-delay=\"0\" data-eds-exit-duration=\"0.5\" data-eds-exit-timing=\"linear\" data-eds-repeat-count=\"1\" data-eds-keep=\"yes\" data-eds-animate-on=\"load\" data-eds-scroll-offset=\"\">\n<div class=\"wp-block-uagb-container uagb-block-cf7sqmtn alignfull uagb-is-root-container\"><div class=\"uagb-container-inner-blocks-wrap\">\n<div class=\"wp-block-uagb-info-box uagb-block-wt4h0qyt uagb-infobox__content-wrap  uagb-infobox-icon-above-title uagb-infobox-image-valign-top\"><div class=\"uagb-ifb-content\"><div class=\"uagb-ifb-title-wrap\"><h1 class=\"uagb-ifb-title\">Servicios de Acompa\u00f1amiento Regulatorio<\/h1><\/div><\/div><\/div>\n<\/div><\/div>\n<\/div><\/div>\n\n\n\n<div class=\"wp-block-eds-animate-it-block eds-animate-block-save\"><div class=\"eds-animate animated edsanimate-sis-hidden\" data-eds-entry-animation=\"bounceInUp\" data-eds-entry-delay=\"0\" data-eds-entry-duration=\"0.5\" data-eds-entry-timing=\"linear\" data-eds-exit-animation=\"\" data-eds-exit-delay=\"0\" data-eds-exit-duration=\"0.5\" data-eds-exit-timing=\"linear\" data-eds-repeat-count=\"1\" data-eds-keep=\"yes\" data-eds-animate-on=\"load\" data-eds-scroll-offset=\"\">\n<div class=\"wp-block-uagb-container uagb-block-q9ch6tlf alignfull uagb-is-root-container\"><div class=\"uagb-container-inner-blocks-wrap\">\n<div class=\"wp-block-uagb-info-box uagb-block-a47swovp uagb-infobox__content-wrap  uagb-infobox-icon-above-title uagb-infobox-image-valign-top\"><div class=\"uagb-ifb-content\"><div class=\"uagb-ifb-title-wrap\"><p class=\"uagb-ifb-title-prefix\">ACCESO REGULATORIO<\/p><h1 class=\"uagb-ifb-title\">Expande globalmente. Mantente en cumplimiento.<\/h1><\/div><p class=\"uagb-ifb-desc\">Las empresas fuera de EE.UU. que buscan acceder a inversores estadounidenses enfrentan barreras regulatorias. Nuestros Servicios de Chaperone bajo la Regla 15a-6 de la SEC brindan a las empresas extranjeras acceso legal a los mercados estadounidenses. Nos encargamos de todo el cumplimiento normativo: supervisi\u00f3n comercial, revisi\u00f3n de comunicaciones con inversores, documentaci\u00f3n e informes. Ayudamos a los gestores de fondos a ingresar al mercado estadounidense sin necesidad de abrir un broker-dealer nacional, manteniendo plena transparencia y seguridad para ambas partes de la transacci\u00f3n.<\/p><\/div><\/div>\n<\/div><\/div>\n<\/div><\/div>","protected":false},"excerpt":{"rendered":"","protected":false},"author":1,"featured_media":0,"parent":342,"menu_order":0,"comment_status":"closed","ping_status":"closed","template":"","meta":{"_uag_custom_page_level_css":"","footnotes":""},"class_list":["post-1021","page","type-page","status-publish","hentry"],"blocksy_meta":[],"uagb_featured_image_src":{"full":false,"thumbnail":false,"medium":false,"medium_large":false,"large":false,"1536x1536":false,"2048x2048":false,"trp-custom-language-flag":false},"uagb_author_info":{"display_name":"assetservicesinc2090","author_link":"https:\/\/assetworldservices.com\/es\/author\/assetservicesinc2090\/"},"uagb_comment_info":0,"uagb_excerpt":null,"_links":{"self":[{"href":"https:\/\/assetworldservices.com\/es\/wp-json\/wp\/v2\/pages\/1021","targetHints":{"allow":["GET"]}}],"collection":[{"href":"https:\/\/assetworldservices.com\/es\/wp-json\/wp\/v2\/pages"}],"about":[{"href":"https:\/\/assetworldservices.com\/es\/wp-json\/wp\/v2\/types\/page"}],"author":[{"embeddable":true,"href":"https:\/\/assetworldservices.com\/es\/wp-json\/wp\/v2\/users\/1"}],"replies":[{"embeddable":true,"href":"https:\/\/assetworldservices.com\/es\/wp-json\/wp\/v2\/comments?post=1021"}],"version-history":[{"count":1,"href":"https:\/\/assetworldservices.com\/es\/wp-json\/wp\/v2\/pages\/1021\/revisions"}],"predecessor-version":[{"id":1023,"href":"https:\/\/assetworldservices.com\/es\/wp-json\/wp\/v2\/pages\/1021\/revisions\/1023"}],"up":[{"embeddable":true,"href":"https:\/\/assetworldservices.com\/es\/wp-json\/wp\/v2\/pages\/342"}],"wp:attachment":[{"href":"https:\/\/assetworldservices.com\/es\/wp-json\/wp\/v2\/media?parent=1021"}],"curies":[{"name":"wp","href":"https:\/\/api.w.org\/{rel}","templated":true}]}}